{"id":5844,"date":"2025-01-23T14:40:34","date_gmt":"2025-01-23T19:40:34","guid":{"rendered":"https:\/\/vetanco.com\/pa\/?post_type=product&#038;p=5844"},"modified":"2025-02-05T08:13:39","modified_gmt":"2025-02-05T13:13:39","slug":"di-heptarine-s-premix","status":"publish","type":"product","link":"https:\/\/vetanco.com\/pa\/produto\/di-heptarine-s-premix\/","title":{"rendered":"DI HEPTARINE S<sup>\u00ae<\/sup> PREMIX"},"content":{"rendered":"<p><span style=\"color: #00397f;\"><strong>COMPOSICI\u00d3N<\/strong><\/span><\/p>\n<p><span data-contrast=\"auto\">Extracto de cardo mariano, Lecitina de soja, Propilenglicol, S\u00edlice coloidal, Estearato de magnesio, Celulosa microcristalina, Almid\u00f3n de ma\u00edz c.s.p.<\/span><span data-ccp-props=\"{}\">\u00a0<\/span><\/p>\n<p><b><span data-contrast=\"auto\">An\u00e1lisis Garantizado:<\/span><\/b><span data-contrast=\"auto\"> Silimarina total\u2026\u2026.m\u00ednimo 7,60 %<\/span><span data-ccp-props=\"{}\">\u00a0<\/span><\/p>\n<p>&nbsp;<\/p>\n<p><span style=\"color: #00397f;\"><strong>DOSIS Y MODO DE USO<\/strong><\/span><\/p>\n<p><span class=\"TextRun SCXW63955701 BCX0\" lang=\"ES-ES\" xml:lang=\"ES-ES\" data-contrast=\"auto\"><span class=\"NormalTextRun SCXW63955701 BCX0\">Mezclar 500 g a 1 kg de DI HEPTARINE S PREMIX por tonelada de alimento, ya sea<\/span> <span class=\"NormalTextRun SCXW63955701 BCX0\">como harina o <\/span><span class=\"NormalTextRun SpellingErrorV2Themed SCXW63955701 BCX0\">pelleteado<\/span><span class=\"NormalTextRun SCXW63955701 BCX0\">. Administrar durante al menos 7 d\u00edas.<\/span><\/span><span class=\"EOP SCXW63955701 BCX0\" data-ccp-props=\"{}\">\u00a0<\/span><\/p>\n<p>&nbsp;<\/p>\n<p><strong><span style=\"color: #00397f;\">PRESENTACI\u00d3N<\/span><\/strong><\/p>\n<p><span class=\"TextRun SCXW226939716 BCX0\" lang=\"ES-ES\" xml:lang=\"ES-ES\" data-contrast=\"auto\"><span class=\"NormalTextRun SCXW226939716 BCX0\">5 y 25 kg.<\/span><\/span><span class=\"EOP SCXW226939716 BCX0\" data-ccp-props=\"{&quot;201341983&quot;:0,&quot;335551550&quot;:6,&quot;335551620&quot;:6,&quot;335559740&quot;:276}\">\u00a0<\/span><\/p>\n<p>&nbsp;<\/p>\n<p><strong>*Producto disponible \u00fanicamente en Guatemala.<\/strong><\/p>\n","protected":false},"excerpt":{"rendered":"<p><img loading=\"lazy\" decoding=\"async\" class=\"alignnone size-full wp-image-5738\" src=\"https:\/\/vetanco.com\/pa\/wp-content\/uploads\/2025\/01\/Picto-Bovinos.png\" alt=\"\" width=\"75\" height=\"63\" \/> <img loading=\"lazy\" decoding=\"async\" class=\"alignnone size-full wp-image-5741\" src=\"https:\/\/vetanco.com\/pa\/wp-content\/uploads\/2025\/01\/Picto-Aves.png\" alt=\"\" width=\"75\" height=\"63\" \/> <img loading=\"lazy\" decoding=\"async\" class=\"alignnone size-full wp-image-5739\" src=\"https:\/\/vetanco.com\/pa\/wp-content\/uploads\/2025\/01\/Picto-Cerdos.png\" alt=\"\" width=\"75\" height=\"63\" \/> <img loading=\"lazy\" decoding=\"async\" class=\"alignnone size-full wp-image-5740\" src=\"https:\/\/vetanco.com\/pa\/wp-content\/uploads\/2025\/01\/Picto-Peces.png\" alt=\"\" width=\"75\" height=\"63\" \/><\/p>\n<p><span data-contrast=\"auto\">Antioxidante hepatoprotector para la prevenci\u00f3n de alteraciones ante situaciones de mayor exigencia metab\u00f3lica:<\/span><span data-ccp-props=\"{}\">\u00a0<\/span><\/p>\n<ul>\n<li><span data-contrast=\"auto\">Stress producido por transporte y movimientos de animales, o cualquier situaci\u00f3n de stress que no pueda ser corregida.<\/span><span data-ccp-props=\"{}\">\u00a0<\/span><\/li>\n<li><span data-contrast=\"auto\">Sobrealimentaci\u00f3n o ingesta de alto valor energ\u00e9tico.<\/span><span data-ccp-props=\"{}\">\u00a0<\/span><\/li>\n<li><span data-contrast=\"auto\">Contaminaci\u00f3n del alimento con toxinas de origen vegetal o f\u00fangico.<\/span><span data-ccp-props=\"{}\">\u00a0<\/span><\/li>\n<li><span data-contrast=\"auto\">Procesos infecciosos producidos por agentes virales o bacterianos.<\/span><span data-ccp-props=\"{}\">\u00a0<\/span><\/li>\n<li><span data-contrast=\"auto\">Tratamientos con medicamentos.<\/span><span data-ccp-props=\"{}\">\u00a0<\/span><\/li>\n<li><span data-contrast=\"auto\">Machos en servicio y hembras en gestaci\u00f3n\/lactancia.<\/span><span data-ccp-props=\"{}\">\u00a0<\/span><\/li>\n<li><span data-contrast=\"auto\">Indicado en Aves (Pollos de engorde, gallinas ponedoras y reproductores), porcinos (todas las categor\u00edas), rumiantes (bovinos y ovinos, todas las categor\u00edas) y en peces.<\/span><span data-ccp-props=\"{}\">\u00a0<\/span><\/li>\n<\/ul>\n","protected":false},"featured_media":5983,"comment_status":"open","ping_status":"closed","template":"","meta":[],"product_brand":[],"product_cat":[181],"product_tag":[],"class_list":{"0":"post-5844","1":"product","2":"type-product","3":"status-publish","4":"has-post-thumbnail","6":"product_cat-aditivos-bv-science","8":"first","9":"instock","10":"shipping-taxable","11":"product-type-simple"},"yoast_head":"<!-- This site is optimized with the Yoast SEO plugin v27.3 - https:\/\/yoast.com\/product\/yoast-seo-wordpress\/ -->\n<title>DI HEPTARINE S\u00ae PREMIX - Vetanco Centroamerica y Caribe<\/title>\n<meta name=\"description\" content=\"Indicado en Aves (Pollos de engorde, gallinas ponedoras y reproductores), porcinos (todas las categor\u00edas), rumiantes y en peces.\" \/>\n<meta name=\"robots\" content=\"index, follow, max-snippet:-1, max-image-preview:large, max-video-preview:-1\" \/>\n<link rel=\"canonical\" href=\"https:\/\/vetanco.com\/pa\/produto\/di-heptarine-s-premix\/\" \/>\n<meta property=\"og:locale\" content=\"es_ES\" \/>\n<meta property=\"og:type\" content=\"article\" \/>\n<meta property=\"og:title\" content=\"DI HEPTARINE S\u00ae PREMIX - Vetanco Centroamerica y Caribe\" \/>\n<meta property=\"og:description\" content=\"Indicado en Aves (Pollos de engorde, gallinas ponedoras y reproductores), porcinos (todas las categor\u00edas), rumiantes y en peces.\" \/>\n<meta property=\"og:url\" content=\"https:\/\/vetanco.com\/pa\/produto\/di-heptarine-s-premix\/\" \/>\n<meta property=\"og:site_name\" content=\"Vetanco Centroamerica y Caribe\" \/>\n<meta property=\"article:modified_time\" content=\"2025-02-05T13:13:39+00:00\" \/>\n<meta property=\"og:image\" content=\"https:\/\/vetanco.com\/pa\/wp-content\/uploads\/2024\/10\/Di-Heptarine-S-Premix-2.png\" \/>\n\t<meta property=\"og:image:width\" content=\"800\" \/>\n\t<meta property=\"og:image:height\" content=\"800\" \/>\n\t<meta property=\"og:image:type\" content=\"image\/png\" \/>\n<meta name=\"twitter:card\" content=\"summary_large_image\" \/>\n<meta name=\"twitter:label1\" content=\"Tiempo de lectura\" \/>\n\t<meta name=\"twitter:data1\" content=\"1 minuto\" \/>\n<script type=\"application\/ld+json\" class=\"yoast-schema-graph\">{\"@context\":\"https:\\\/\\\/schema.org\",\"@graph\":[{\"@type\":\"WebPage\",\"@id\":\"https:\\\/\\\/vetanco.com\\\/pa\\\/produto\\\/di-heptarine-s-premix\\\/\",\"url\":\"https:\\\/\\\/vetanco.com\\\/pa\\\/produto\\\/di-heptarine-s-premix\\\/\",\"name\":\"DI HEPTARINE S\u00ae PREMIX - Vetanco Centroamerica y Caribe\",\"isPartOf\":{\"@id\":\"https:\\\/\\\/vetanco.com\\\/pa\\\/#website\"},\"primaryImageOfPage\":{\"@id\":\"https:\\\/\\\/vetanco.com\\\/pa\\\/produto\\\/di-heptarine-s-premix\\\/#primaryimage\"},\"image\":{\"@id\":\"https:\\\/\\\/vetanco.com\\\/pa\\\/produto\\\/di-heptarine-s-premix\\\/#primaryimage\"},\"thumbnailUrl\":\"https:\\\/\\\/vetanco.com\\\/pa\\\/wp-content\\\/uploads\\\/2024\\\/10\\\/Di-Heptarine-S-Premix-2.png\",\"datePublished\":\"2025-01-23T19:40:34+00:00\",\"dateModified\":\"2025-02-05T13:13:39+00:00\",\"description\":\"Indicado en Aves (Pollos de engorde, gallinas ponedoras y reproductores), porcinos (todas las categor\u00edas), rumiantes y en peces.\",\"breadcrumb\":{\"@id\":\"https:\\\/\\\/vetanco.com\\\/pa\\\/produto\\\/di-heptarine-s-premix\\\/#breadcrumb\"},\"inLanguage\":\"es\",\"potentialAction\":[{\"@type\":\"ReadAction\",\"target\":[\"https:\\\/\\\/vetanco.com\\\/pa\\\/produto\\\/di-heptarine-s-premix\\\/\"]}]},{\"@type\":\"ImageObject\",\"inLanguage\":\"es\",\"@id\":\"https:\\\/\\\/vetanco.com\\\/pa\\\/produto\\\/di-heptarine-s-premix\\\/#primaryimage\",\"url\":\"https:\\\/\\\/vetanco.com\\\/pa\\\/wp-content\\\/uploads\\\/2024\\\/10\\\/Di-Heptarine-S-Premix-2.png\",\"contentUrl\":\"https:\\\/\\\/vetanco.com\\\/pa\\\/wp-content\\\/uploads\\\/2024\\\/10\\\/Di-Heptarine-S-Premix-2.png\",\"width\":800,\"height\":800},{\"@type\":\"BreadcrumbList\",\"@id\":\"https:\\\/\\\/vetanco.com\\\/pa\\\/produto\\\/di-heptarine-s-premix\\\/#breadcrumb\",\"itemListElement\":[{\"@type\":\"ListItem\",\"position\":1,\"name\":\"In\u00edcio\",\"item\":\"https:\\\/\\\/vetanco.com\\\/pa\\\/\"},{\"@type\":\"ListItem\",\"position\":2,\"name\":\"Productos\",\"item\":\"https:\\\/\\\/vetanco.com\\\/pa\\\/productos\\\/\"},{\"@type\":\"ListItem\",\"position\":3,\"name\":\"DI HEPTARINE S\u00ae PREMIX\"}]},{\"@type\":\"WebSite\",\"@id\":\"https:\\\/\\\/vetanco.com\\\/pa\\\/#website\",\"url\":\"https:\\\/\\\/vetanco.com\\\/pa\\\/\",\"name\":\"Vetanco Centroamerica y Caribe\",\"description\":\"Productos Seguros para Alimentos Seguros\",\"potentialAction\":[{\"@type\":\"SearchAction\",\"target\":{\"@type\":\"EntryPoint\",\"urlTemplate\":\"https:\\\/\\\/vetanco.com\\\/pa\\\/?s={search_term_string}\"},\"query-input\":{\"@type\":\"PropertyValueSpecification\",\"valueRequired\":true,\"valueName\":\"search_term_string\"}}],\"inLanguage\":\"es\"}]}<\/script>\n<!-- \/ Yoast SEO plugin. -->","yoast_head_json":{"title":"DI HEPTARINE S\u00ae PREMIX - Vetanco Centroamerica y Caribe","description":"Indicado en Aves (Pollos de engorde, gallinas ponedoras y reproductores), porcinos (todas las categor\u00edas), rumiantes y en peces.","robots":{"index":"index","follow":"follow","max-snippet":"max-snippet:-1","max-image-preview":"max-image-preview:large","max-video-preview":"max-video-preview:-1"},"canonical":"https:\/\/vetanco.com\/pa\/produto\/di-heptarine-s-premix\/","og_locale":"es_ES","og_type":"article","og_title":"DI HEPTARINE S\u00ae PREMIX - Vetanco Centroamerica y Caribe","og_description":"Indicado en Aves (Pollos de engorde, gallinas ponedoras y reproductores), porcinos (todas las categor\u00edas), rumiantes y en peces.","og_url":"https:\/\/vetanco.com\/pa\/produto\/di-heptarine-s-premix\/","og_site_name":"Vetanco Centroamerica y Caribe","article_modified_time":"2025-02-05T13:13:39+00:00","og_image":[{"width":800,"height":800,"url":"https:\/\/vetanco.com\/pa\/wp-content\/uploads\/2024\/10\/Di-Heptarine-S-Premix-2.png","type":"image\/png"}],"twitter_card":"summary_large_image","twitter_misc":{"Tiempo de lectura":"1 minuto"},"schema":{"@context":"https:\/\/schema.org","@graph":[{"@type":"WebPage","@id":"https:\/\/vetanco.com\/pa\/produto\/di-heptarine-s-premix\/","url":"https:\/\/vetanco.com\/pa\/produto\/di-heptarine-s-premix\/","name":"DI HEPTARINE S\u00ae PREMIX - Vetanco Centroamerica y Caribe","isPartOf":{"@id":"https:\/\/vetanco.com\/pa\/#website"},"primaryImageOfPage":{"@id":"https:\/\/vetanco.com\/pa\/produto\/di-heptarine-s-premix\/#primaryimage"},"image":{"@id":"https:\/\/vetanco.com\/pa\/produto\/di-heptarine-s-premix\/#primaryimage"},"thumbnailUrl":"https:\/\/vetanco.com\/pa\/wp-content\/uploads\/2024\/10\/Di-Heptarine-S-Premix-2.png","datePublished":"2025-01-23T19:40:34+00:00","dateModified":"2025-02-05T13:13:39+00:00","description":"Indicado en Aves (Pollos de engorde, gallinas ponedoras y reproductores), porcinos (todas las categor\u00edas), rumiantes y en peces.","breadcrumb":{"@id":"https:\/\/vetanco.com\/pa\/produto\/di-heptarine-s-premix\/#breadcrumb"},"inLanguage":"es","potentialAction":[{"@type":"ReadAction","target":["https:\/\/vetanco.com\/pa\/produto\/di-heptarine-s-premix\/"]}]},{"@type":"ImageObject","inLanguage":"es","@id":"https:\/\/vetanco.com\/pa\/produto\/di-heptarine-s-premix\/#primaryimage","url":"https:\/\/vetanco.com\/pa\/wp-content\/uploads\/2024\/10\/Di-Heptarine-S-Premix-2.png","contentUrl":"https:\/\/vetanco.com\/pa\/wp-content\/uploads\/2024\/10\/Di-Heptarine-S-Premix-2.png","width":800,"height":800},{"@type":"BreadcrumbList","@id":"https:\/\/vetanco.com\/pa\/produto\/di-heptarine-s-premix\/#breadcrumb","itemListElement":[{"@type":"ListItem","position":1,"name":"In\u00edcio","item":"https:\/\/vetanco.com\/pa\/"},{"@type":"ListItem","position":2,"name":"Productos","item":"https:\/\/vetanco.com\/pa\/productos\/"},{"@type":"ListItem","position":3,"name":"DI HEPTARINE S\u00ae PREMIX"}]},{"@type":"WebSite","@id":"https:\/\/vetanco.com\/pa\/#website","url":"https:\/\/vetanco.com\/pa\/","name":"Vetanco Centroamerica y Caribe","description":"Productos Seguros para Alimentos Seguros","potentialAction":[{"@type":"SearchAction","target":{"@type":"EntryPoint","urlTemplate":"https:\/\/vetanco.com\/pa\/?s={search_term_string}"},"query-input":{"@type":"PropertyValueSpecification","valueRequired":true,"valueName":"search_term_string"}}],"inLanguage":"es"}]}},"_links":{"self":[{"href":"https:\/\/vetanco.com\/pa\/wp-json\/wp\/v2\/product\/5844","targetHints":{"allow":["GET"]}}],"collection":[{"href":"https:\/\/vetanco.com\/pa\/wp-json\/wp\/v2\/product"}],"about":[{"href":"https:\/\/vetanco.com\/pa\/wp-json\/wp\/v2\/types\/product"}],"replies":[{"embeddable":true,"href":"https:\/\/vetanco.com\/pa\/wp-json\/wp\/v2\/comments?post=5844"}],"wp:featuredmedia":[{"embeddable":true,"href":"https:\/\/vetanco.com\/pa\/wp-json\/wp\/v2\/media\/5983"}],"wp:attachment":[{"href":"https:\/\/vetanco.com\/pa\/wp-json\/wp\/v2\/media?parent=5844"}],"wp:term":[{"taxonomy":"product_brand","embeddable":true,"href":"https:\/\/vetanco.com\/pa\/wp-json\/wp\/v2\/product_brand?post=5844"},{"taxonomy":"product_cat","embeddable":true,"href":"https:\/\/vetanco.com\/pa\/wp-json\/wp\/v2\/product_cat?post=5844"},{"taxonomy":"product_tag","embeddable":true,"href":"https:\/\/vetanco.com\/pa\/wp-json\/wp\/v2\/product_tag?post=5844"}],"curies":[{"name":"wp","href":"https:\/\/api.w.org\/{rel}","templated":true}]}}