{"id":5852,"date":"2025-01-24T07:36:16","date_gmt":"2025-01-24T12:36:16","guid":{"rendered":"https:\/\/vetanco.com\/pa\/?post_type=product&#038;p=5852"},"modified":"2025-02-05T09:16:47","modified_gmt":"2025-02-05T14:16:47","slug":"provitar-s-premix","status":"publish","type":"product","link":"https:\/\/vetanco.com\/pa\/produto\/provitar-s-premix\/","title":{"rendered":"PROVITAR S<sup>\u00ae<\/sup> PREMIX"},"content":{"rendered":"<p><span style=\"color: #00397f;\"><strong>COMPOSICI\u00d3N<\/strong><\/span><\/p>\n<p><span data-contrast=\"auto\">Cada 100 g contiene: <\/span><span data-contrast=\"auto\">Extracto de Cardo Mariano\u2026.2,75 g<\/span><span data-contrast=\"auto\">. <\/span><span data-contrast=\"auto\">Lisado de <\/span><i><span data-contrast=\"auto\">Saccharomyces cerevisiae\u2026\u2026<\/span><\/i><span data-contrast=\"auto\">43 g<\/span><span data-contrast=\"auto\">. <\/span><span data-contrast=\"auto\">Excipientes c.s.<\/span><span data-ccp-props=\"{}\">\u00a0<\/span><\/p>\n<p><span data-contrast=\"auto\"><strong>An\u00e1lisis Garantizado:<\/strong> Prote\u00edna bruta: M\u00edn. 16%. Silimarina: M\u00edn. 2%.<\/span><span data-ccp-props=\"{}\">\u00a0<\/span><\/p>\n<p>&nbsp;<\/p>\n<p><span style=\"color: #00397f;\"><strong>DOSIS Y V\u00cdA DE ADMINISTRACI\u00d3N<\/strong><\/span><\/p>\n<p><span data-contrast=\"auto\">Mezclar 500 g de producto por tonelada de alimento (en rumiantes considerar en base a materia seca).<\/span><\/p>\n<p><span data-contrast=\"auto\">Administrar durante al menos 7 d\u00edas.<\/span><\/p>\n<p>&nbsp;<\/p>\n<p><span style=\"color: #00397f;\"><strong>PRESENTACI\u00d3N<\/strong><\/span><\/p>\n<p><span class=\"TextRun SCXW123415178 BCX0\" lang=\"ES-ES\" xml:lang=\"ES-ES\" data-contrast=\"auto\"><span class=\"NormalTextRun SCXW123415178 BCX0\">1,<\/span> <span class=\"NormalTextRun SCXW123415178 BCX0\">5, 10 y <\/span><span class=\"NormalTextRun SCXW123415178 BCX0\">25 Kg.<\/span><\/span><\/p>\n<p>&nbsp;<\/p>\n<p><strong>*Producto disponible \u00fanicamente en Guatemala.<\/strong><\/p>\n","protected":false},"excerpt":{"rendered":"<p><img loading=\"lazy\" decoding=\"async\" class=\"alignnone size-full wp-image-5738\" src=\"https:\/\/vetanco.com\/pa\/wp-content\/uploads\/2025\/01\/Picto-Bovinos.png\" alt=\"\" width=\"75\" height=\"63\" \/> <img loading=\"lazy\" decoding=\"async\" class=\"alignnone size-full wp-image-5739\" src=\"https:\/\/vetanco.com\/pa\/wp-content\/uploads\/2025\/01\/Picto-Cerdos.png\" alt=\"\" width=\"75\" height=\"63\" \/> <img loading=\"lazy\" decoding=\"async\" class=\"alignnone size-full wp-image-5741\" src=\"https:\/\/vetanco.com\/pa\/wp-content\/uploads\/2025\/01\/Picto-Aves.png\" alt=\"\" width=\"75\" height=\"63\" \/> <img loading=\"lazy\" decoding=\"async\" class=\"alignnone size-full wp-image-5740\" src=\"https:\/\/vetanco.com\/pa\/wp-content\/uploads\/2025\/01\/Picto-Peces.png\" alt=\"\" width=\"75\" height=\"63\" \/><\/p>\n<p><strong><span class=\"TextRun SCXW41283328 BCX0\" lang=\"ES-ES\" xml:lang=\"ES-ES\" data-contrast=\"auto\"><span class=\"NormalTextRun SCXW41283328 BCX0\">COMPLEMENTO DIETARIO<\/span><\/span><span class=\"EOP SCXW41283328 BCX0\" data-ccp-props=\"{&quot;469777462&quot;:[2528],&quot;469777927&quot;:[0],&quot;469777928&quot;:[1]}\">\u00a0<\/span><\/strong><\/p>\n<p><span data-contrast=\"auto\">Antioxidante hepatoprotector para la prevenci\u00f3n de alteraciones ante situaciones de mayor exigencia metab\u00f3lica:<\/span><span data-ccp-props=\"{}\">\u00a0<\/span><\/p>\n<ul>\n<li><span data-contrast=\"auto\">Stress producido por transporte y movimientos de animales, o cualquier situaci\u00f3n de stress que no pueda ser corregida.<\/span><\/li>\n<li>Sobrealimentaci\u00f3n o ingesta de alto valor energ\u00e9tico.<\/li>\n<li>Contaminaci\u00f3n del alimento con toxinas de origen vegetal o f\u00fangico.<\/li>\n<li>Procesos infecciosos producidos por agentes virales o bacterianos.<\/li>\n<li>Tratamientos con medicamentos.<\/li>\n<li>Machos en servicio y hembras en gestaci\u00f3n\/lactancia.<span style=\"color: #555555; font-size: 14.4px;\" data-ccp-props=\"{}\">\u00a0<\/span><\/li>\n<\/ul>\n<p><span data-contrast=\"auto\">Act\u00faa tambi\u00e9n como inactivador de micotoxinas en el alimento de aves, porcinos, rumiantes y especies de producci\u00f3n acu\u00edcola.<\/span><span data-ccp-props=\"{}\">\u00a0<\/span><\/p>\n","protected":false},"featured_media":6002,"comment_status":"open","ping_status":"closed","template":"","meta":[],"product_brand":[],"product_cat":[253],"product_tag":[],"class_list":{"0":"post-5852","1":"product","2":"type-product","3":"status-publish","4":"has-post-thumbnail","6":"product_cat-complementos-dietarios","8":"first","9":"instock","10":"shipping-taxable","11":"product-type-simple"},"yoast_head":"<!-- This site is optimized with the Yoast SEO plugin v27.3 - https:\/\/yoast.com\/product\/yoast-seo-wordpress\/ -->\n<title>PROVITAR S\u00ae PREMIX - Vetanco Centroamerica y Caribe<\/title>\n<meta name=\"description\" content=\"Complemento dietario. Antioxidante hepatoprotector para la prevenci\u00f3n de alteraciones ante situaciones de mayor exigencia metab\u00f3lica.\" \/>\n<meta name=\"robots\" content=\"index, follow, max-snippet:-1, max-image-preview:large, max-video-preview:-1\" \/>\n<link rel=\"canonical\" href=\"https:\/\/vetanco.com\/pa\/produto\/provitar-s-premix\/\" \/>\n<meta property=\"og:locale\" content=\"es_ES\" \/>\n<meta property=\"og:type\" content=\"article\" \/>\n<meta property=\"og:title\" content=\"PROVITAR S\u00ae PREMIX - Vetanco Centroamerica y Caribe\" \/>\n<meta property=\"og:description\" content=\"Complemento dietario. Antioxidante hepatoprotector para la prevenci\u00f3n de alteraciones ante situaciones de mayor exigencia metab\u00f3lica.\" \/>\n<meta property=\"og:url\" content=\"https:\/\/vetanco.com\/pa\/produto\/provitar-s-premix\/\" \/>\n<meta property=\"og:site_name\" content=\"Vetanco Centroamerica y Caribe\" \/>\n<meta property=\"article:modified_time\" content=\"2025-02-05T14:16:47+00:00\" \/>\n<meta property=\"og:image\" content=\"https:\/\/vetanco.com\/pa\/wp-content\/uploads\/2024\/10\/Provitar-S-Premix-2.png\" \/>\n\t<meta property=\"og:image:width\" content=\"800\" \/>\n\t<meta property=\"og:image:height\" content=\"800\" \/>\n\t<meta property=\"og:image:type\" content=\"image\/png\" \/>\n<meta name=\"twitter:card\" content=\"summary_large_image\" \/>\n<meta name=\"twitter:label1\" content=\"Tiempo de lectura\" \/>\n\t<meta name=\"twitter:data1\" content=\"1 minuto\" \/>\n<script type=\"application\/ld+json\" class=\"yoast-schema-graph\">{\"@context\":\"https:\\\/\\\/schema.org\",\"@graph\":[{\"@type\":\"WebPage\",\"@id\":\"https:\\\/\\\/vetanco.com\\\/pa\\\/produto\\\/provitar-s-premix\\\/\",\"url\":\"https:\\\/\\\/vetanco.com\\\/pa\\\/produto\\\/provitar-s-premix\\\/\",\"name\":\"PROVITAR S\u00ae PREMIX - Vetanco Centroamerica y Caribe\",\"isPartOf\":{\"@id\":\"https:\\\/\\\/vetanco.com\\\/pa\\\/#website\"},\"primaryImageOfPage\":{\"@id\":\"https:\\\/\\\/vetanco.com\\\/pa\\\/produto\\\/provitar-s-premix\\\/#primaryimage\"},\"image\":{\"@id\":\"https:\\\/\\\/vetanco.com\\\/pa\\\/produto\\\/provitar-s-premix\\\/#primaryimage\"},\"thumbnailUrl\":\"https:\\\/\\\/vetanco.com\\\/pa\\\/wp-content\\\/uploads\\\/2024\\\/10\\\/Provitar-S-Premix-2.png\",\"datePublished\":\"2025-01-24T12:36:16+00:00\",\"dateModified\":\"2025-02-05T14:16:47+00:00\",\"description\":\"Complemento dietario. Antioxidante hepatoprotector para la prevenci\u00f3n de alteraciones ante situaciones de mayor exigencia metab\u00f3lica.\",\"breadcrumb\":{\"@id\":\"https:\\\/\\\/vetanco.com\\\/pa\\\/produto\\\/provitar-s-premix\\\/#breadcrumb\"},\"inLanguage\":\"es\",\"potentialAction\":[{\"@type\":\"ReadAction\",\"target\":[\"https:\\\/\\\/vetanco.com\\\/pa\\\/produto\\\/provitar-s-premix\\\/\"]}]},{\"@type\":\"ImageObject\",\"inLanguage\":\"es\",\"@id\":\"https:\\\/\\\/vetanco.com\\\/pa\\\/produto\\\/provitar-s-premix\\\/#primaryimage\",\"url\":\"https:\\\/\\\/vetanco.com\\\/pa\\\/wp-content\\\/uploads\\\/2024\\\/10\\\/Provitar-S-Premix-2.png\",\"contentUrl\":\"https:\\\/\\\/vetanco.com\\\/pa\\\/wp-content\\\/uploads\\\/2024\\\/10\\\/Provitar-S-Premix-2.png\",\"width\":800,\"height\":800},{\"@type\":\"BreadcrumbList\",\"@id\":\"https:\\\/\\\/vetanco.com\\\/pa\\\/produto\\\/provitar-s-premix\\\/#breadcrumb\",\"itemListElement\":[{\"@type\":\"ListItem\",\"position\":1,\"name\":\"In\u00edcio\",\"item\":\"https:\\\/\\\/vetanco.com\\\/pa\\\/\"},{\"@type\":\"ListItem\",\"position\":2,\"name\":\"Productos\",\"item\":\"https:\\\/\\\/vetanco.com\\\/pa\\\/productos\\\/\"},{\"@type\":\"ListItem\",\"position\":3,\"name\":\"PROVITAR S\u00ae PREMIX\"}]},{\"@type\":\"WebSite\",\"@id\":\"https:\\\/\\\/vetanco.com\\\/pa\\\/#website\",\"url\":\"https:\\\/\\\/vetanco.com\\\/pa\\\/\",\"name\":\"Vetanco Centroamerica y Caribe\",\"description\":\"Productos Seguros para Alimentos Seguros\",\"potentialAction\":[{\"@type\":\"SearchAction\",\"target\":{\"@type\":\"EntryPoint\",\"urlTemplate\":\"https:\\\/\\\/vetanco.com\\\/pa\\\/?s={search_term_string}\"},\"query-input\":{\"@type\":\"PropertyValueSpecification\",\"valueRequired\":true,\"valueName\":\"search_term_string\"}}],\"inLanguage\":\"es\"}]}<\/script>\n<!-- \/ Yoast SEO plugin. -->","yoast_head_json":{"title":"PROVITAR S\u00ae PREMIX - Vetanco Centroamerica y Caribe","description":"Complemento dietario. Antioxidante hepatoprotector para la prevenci\u00f3n de alteraciones ante situaciones de mayor exigencia metab\u00f3lica.","robots":{"index":"index","follow":"follow","max-snippet":"max-snippet:-1","max-image-preview":"max-image-preview:large","max-video-preview":"max-video-preview:-1"},"canonical":"https:\/\/vetanco.com\/pa\/produto\/provitar-s-premix\/","og_locale":"es_ES","og_type":"article","og_title":"PROVITAR S\u00ae PREMIX - Vetanco Centroamerica y Caribe","og_description":"Complemento dietario. Antioxidante hepatoprotector para la prevenci\u00f3n de alteraciones ante situaciones de mayor exigencia metab\u00f3lica.","og_url":"https:\/\/vetanco.com\/pa\/produto\/provitar-s-premix\/","og_site_name":"Vetanco Centroamerica y Caribe","article_modified_time":"2025-02-05T14:16:47+00:00","og_image":[{"width":800,"height":800,"url":"https:\/\/vetanco.com\/pa\/wp-content\/uploads\/2024\/10\/Provitar-S-Premix-2.png","type":"image\/png"}],"twitter_card":"summary_large_image","twitter_misc":{"Tiempo de lectura":"1 minuto"},"schema":{"@context":"https:\/\/schema.org","@graph":[{"@type":"WebPage","@id":"https:\/\/vetanco.com\/pa\/produto\/provitar-s-premix\/","url":"https:\/\/vetanco.com\/pa\/produto\/provitar-s-premix\/","name":"PROVITAR S\u00ae PREMIX - Vetanco Centroamerica y Caribe","isPartOf":{"@id":"https:\/\/vetanco.com\/pa\/#website"},"primaryImageOfPage":{"@id":"https:\/\/vetanco.com\/pa\/produto\/provitar-s-premix\/#primaryimage"},"image":{"@id":"https:\/\/vetanco.com\/pa\/produto\/provitar-s-premix\/#primaryimage"},"thumbnailUrl":"https:\/\/vetanco.com\/pa\/wp-content\/uploads\/2024\/10\/Provitar-S-Premix-2.png","datePublished":"2025-01-24T12:36:16+00:00","dateModified":"2025-02-05T14:16:47+00:00","description":"Complemento dietario. Antioxidante hepatoprotector para la prevenci\u00f3n de alteraciones ante situaciones de mayor exigencia metab\u00f3lica.","breadcrumb":{"@id":"https:\/\/vetanco.com\/pa\/produto\/provitar-s-premix\/#breadcrumb"},"inLanguage":"es","potentialAction":[{"@type":"ReadAction","target":["https:\/\/vetanco.com\/pa\/produto\/provitar-s-premix\/"]}]},{"@type":"ImageObject","inLanguage":"es","@id":"https:\/\/vetanco.com\/pa\/produto\/provitar-s-premix\/#primaryimage","url":"https:\/\/vetanco.com\/pa\/wp-content\/uploads\/2024\/10\/Provitar-S-Premix-2.png","contentUrl":"https:\/\/vetanco.com\/pa\/wp-content\/uploads\/2024\/10\/Provitar-S-Premix-2.png","width":800,"height":800},{"@type":"BreadcrumbList","@id":"https:\/\/vetanco.com\/pa\/produto\/provitar-s-premix\/#breadcrumb","itemListElement":[{"@type":"ListItem","position":1,"name":"In\u00edcio","item":"https:\/\/vetanco.com\/pa\/"},{"@type":"ListItem","position":2,"name":"Productos","item":"https:\/\/vetanco.com\/pa\/productos\/"},{"@type":"ListItem","position":3,"name":"PROVITAR S\u00ae PREMIX"}]},{"@type":"WebSite","@id":"https:\/\/vetanco.com\/pa\/#website","url":"https:\/\/vetanco.com\/pa\/","name":"Vetanco Centroamerica y Caribe","description":"Productos Seguros para Alimentos Seguros","potentialAction":[{"@type":"SearchAction","target":{"@type":"EntryPoint","urlTemplate":"https:\/\/vetanco.com\/pa\/?s={search_term_string}"},"query-input":{"@type":"PropertyValueSpecification","valueRequired":true,"valueName":"search_term_string"}}],"inLanguage":"es"}]}},"_links":{"self":[{"href":"https:\/\/vetanco.com\/pa\/wp-json\/wp\/v2\/product\/5852","targetHints":{"allow":["GET"]}}],"collection":[{"href":"https:\/\/vetanco.com\/pa\/wp-json\/wp\/v2\/product"}],"about":[{"href":"https:\/\/vetanco.com\/pa\/wp-json\/wp\/v2\/types\/product"}],"replies":[{"embeddable":true,"href":"https:\/\/vetanco.com\/pa\/wp-json\/wp\/v2\/comments?post=5852"}],"wp:featuredmedia":[{"embeddable":true,"href":"https:\/\/vetanco.com\/pa\/wp-json\/wp\/v2\/media\/6002"}],"wp:attachment":[{"href":"https:\/\/vetanco.com\/pa\/wp-json\/wp\/v2\/media?parent=5852"}],"wp:term":[{"taxonomy":"product_brand","embeddable":true,"href":"https:\/\/vetanco.com\/pa\/wp-json\/wp\/v2\/product_brand?post=5852"},{"taxonomy":"product_cat","embeddable":true,"href":"https:\/\/vetanco.com\/pa\/wp-json\/wp\/v2\/product_cat?post=5852"},{"taxonomy":"product_tag","embeddable":true,"href":"https:\/\/vetanco.com\/pa\/wp-json\/wp\/v2\/product_tag?post=5852"}],"curies":[{"name":"wp","href":"https:\/\/api.w.org\/{rel}","templated":true}]}}