{"id":5887,"date":"2025-01-27T13:18:16","date_gmt":"2025-01-27T18:18:16","guid":{"rendered":"https:\/\/vetanco.com\/pa\/?post_type=product&#038;p=5887"},"modified":"2025-02-05T08:38:55","modified_gmt":"2025-02-05T13:38:55","slug":"ketoxilen","status":"publish","type":"product","link":"https:\/\/vetanco.com\/pa\/produto\/ketoxilen\/","title":{"rendered":"KETOXILEN<sup>\u00ae<\/sup>"},"content":{"rendered":"<p><span style=\"color: #00397f;\"><strong>COMPOSICI\u00d3N<\/strong><\/span><\/p>\n<p><span data-contrast=\"auto\">Cada 100 ml de producto contiene:\u00a0<\/span><span data-ccp-props=\"{&quot;201341983&quot;:0,&quot;335559740&quot;:276}\">\u00a0<\/span><\/p>\n<p><span data-contrast=\"auto\">-Oxitetraciclina base 20 g. <\/span><span data-ccp-props=\"{&quot;201341983&quot;:0,&quot;335559685&quot;:330,&quot;335559740&quot;:276}\">\u00a0<\/span><\/p>\n<p><span data-contrast=\"auto\">-Ketoprofeno 3 g. <\/span><span data-ccp-props=\"{&quot;201341983&quot;:0,&quot;335559685&quot;:330,&quot;335559740&quot;:276}\">\u00a0<\/span><\/p>\n<p><span data-contrast=\"auto\">-Veh\u00edculo c.s.p. 100 ml.<\/span><span data-ccp-props=\"{&quot;201341983&quot;:0,&quot;335559685&quot;:330,&quot;335559740&quot;:276}\">\u00a0<\/span><\/p>\n<p>&nbsp;<\/p>\n<p><strong><span style=\"color: #00397f;\">V\u00cdA DE ADMINISTRACI\u00d3N Y DOSIS<\/span><\/strong><\/p>\n<p><span class=\"TextRun SCXW231847080 BCX0\" lang=\"ES-ES\" xml:lang=\"ES-ES\" data-contrast=\"auto\"><span class=\"NormalTextRun SCXW231847080 BCX0\">Bovinos y porcinos: 1ml\/10 <\/span><span class=\"NormalTextRun SpellingErrorV2Themed SCXW231847080 BCX0\">kg.p.v<\/span><span class=\"NormalTextRun SCXW231847080 BCX0\">. V\u00eda intramuscular profunda. <\/span><\/span><\/p>\n<p><span class=\"TextRun SCXW231847080 BCX0\" lang=\"ES-ES\" xml:lang=\"ES-ES\" data-contrast=\"auto\"><span class=\"NormalTextRun SCXW231847080 BCX0\">Por punto de inyecci\u00f3n no aplicar m\u00e1s de 20 ml en bovinos y 10 ml en porcinos. Si la enfermedad lo requiere el profesional puede indicar <\/span><span class=\"NormalTextRun ContextualSpellingAndGrammarErrorV2Themed SCXW231847080 BCX0\">repetir el<\/span><span class=\"NormalTextRun SCXW231847080 BCX0\"> tratamiento dentro de los <\/span><span class=\"NormalTextRun SCXW231847080 BCX0\">3 a<\/span><span class=\"NormalTextRun SCXW231847080 BCX0\"> 5 d\u00edas posteriores.<\/span><\/span><span class=\"EOP SCXW231847080 BCX0\" data-ccp-props=\"{&quot;201341983&quot;:0,&quot;335559685&quot;:46,&quot;335559740&quot;:276,&quot;469777462&quot;:[1926],&quot;469777927&quot;:[0],&quot;469777928&quot;:[1]}\">\u00a0<\/span><\/p>\n<p>&nbsp;<\/p>\n<p><strong><span style=\"color: #00397f;\">PRESENTACI\u00d3N<\/span><\/strong><\/p>\n<p><span class=\"TextRun SCXW225754686 BCX0\" lang=\"ES-ES\" xml:lang=\"ES-ES\" data-contrast=\"auto\"><span class=\"NormalTextRun SCXW225754686 BCX0\">100<\/span><span class=\"NormalTextRun SCXW225754686 BCX0\"> y<\/span><span class=\"NormalTextRun SCXW225754686 BCX0\"> 250 ml.<\/span><\/span><\/p>\n<p>&nbsp;<\/p>\n<p><strong>*Producto disponible \u00fanicamente en Rep\u00fablica Dominicana.<\/strong><\/p>\n","protected":false},"excerpt":{"rendered":"<p><img loading=\"lazy\" decoding=\"async\" class=\"alignnone size-full wp-image-5738\" src=\"https:\/\/vetanco.com\/pa\/wp-content\/uploads\/2025\/01\/Picto-Bovinos.png\" alt=\"\" width=\"75\" height=\"63\" \/> <img loading=\"lazy\" decoding=\"async\" class=\"alignnone size-full wp-image-5739\" src=\"https:\/\/vetanco.com\/pa\/wp-content\/uploads\/2025\/01\/Picto-Cerdos.png\" alt=\"\" width=\"75\" height=\"63\" \/><\/p>\n<p><strong><span class=\"TextRun SCXW211936261 BCX0\" lang=\"ES-ES\" xml:lang=\"ES-ES\" data-contrast=\"auto\"><span class=\"NormalTextRun SCXW211936261 BCX0\">Antibiotico <\/span><span class=\"NormalTextRun SCXW211936261 BCX0\">&#8211;<\/span> <span class=\"NormalTextRun SCXW211936261 BCX0\">Amplio Espectro &#8211; <\/span><span class=\"NormalTextRun SCXW211936261 BCX0\">Antiinflamat\u00f3rio.<\/span><\/span><\/strong><\/p>\n<p><span class=\"TextRun SCXW126929573 BCX0\" lang=\"ES-ES\" xml:lang=\"ES-ES\" data-contrast=\"auto\"><span class=\"NormalTextRun SpellingErrorV2Themed SCXW126929573 BCX0\">Ketoxilen<\/span><span class=\"NormalTextRun SCXW126929573 BCX0\"> est\u00e1 especialmente dise\u00f1ado para ser usado en bovinos y porcinos en el tratamiento de infecciones provocadas por g\u00e9rmenes <\/span><span class=\"NormalTextRun SpellingErrorV2Themed SCXW126929573 BCX0\">gram<\/span><span class=\"NormalTextRun SCXW126929573 BCX0\"> positivos, <\/span><span class=\"NormalTextRun SpellingErrorV2Themed SCXW126929573 BCX0\">gram<\/span><span class=\"NormalTextRun SCXW126929573 BCX0\"> negativos, rickettsias<\/span><span class=\"NormalTextRun SCXW126929573 BCX0\">,<\/span><span class=\"NormalTextRun SCXW126929573 BCX0\"> micoplasmas, y donde se requiera de una acci\u00f3n antiinflamatoria conjunta. Est\u00e1 indicado en la prevenci\u00f3n y el tratamiento de las siguientes enfermedades: <\/span><\/span><\/p>\n<ul>\n<li><span class=\"TextRun SCXW126929573 BCX0\" lang=\"ES-ES\" xml:lang=\"ES-ES\" data-contrast=\"auto\"><strong><span class=\"NormalTextRun SCXW126929573 BCX0\">Bovinos: <\/span><\/strong><span class=\"NormalTextRun SpellingErrorV2Themed SCXW126929573 BCX0\">Actinobacilosis<\/span><span class=\"NormalTextRun SCXW126929573 BCX0\">, actinomicosis, mastitis, hemoglobinuria bacilar, carbunclo, <\/span><span class=\"NormalTextRun SpellingErrorV2Themed SCXW126929573 BCX0\">anaplasmosis<\/span><span class=\"NormalTextRun SCXW126929573 BCX0\">, leptospirosis, queratoconjuntivitis, neumon\u00eda, <\/span><span class=\"NormalTextRun SpellingErrorV2Themed SCXW126929573 BCX0\">pododermatitis<\/span><span class=\"NormalTextRun SCXW126929573 BCX0\"> infecciosa, listeriosis, pielonefritis bovina. <\/span><\/span><\/li>\n<li><span class=\"TextRun SCXW126929573 BCX0\" lang=\"ES-ES\" xml:lang=\"ES-ES\" data-contrast=\"auto\"><span class=\"NormalTextRun SCXW126929573 BCX0\"><strong>Porcinos:<\/strong> Mastitis-metritis-agalactia, neumon\u00eda porcina <\/span><span class=\"NormalTextRun SpellingErrorV2Themed SCXW126929573 BCX0\">enzo\u00f3tica<\/span><span class=\"NormalTextRun SCXW126929573 BCX0\">, mal rojo, leptospirosis, colibacilosis, rinitis atr\u00f3fica.<\/span><\/span><\/li>\n<\/ul>\n","protected":false},"featured_media":5992,"comment_status":"open","ping_status":"closed","template":"","meta":[],"product_brand":[],"product_cat":[232],"product_tag":[],"class_list":{"0":"post-5887","1":"product","2":"type-product","3":"status-publish","4":"has-post-thumbnail","6":"product_cat-antibioticos","8":"first","9":"instock","10":"shipping-taxable","11":"product-type-simple"},"yoast_head":"<!-- This site is optimized with the Yoast SEO plugin v27.3 - https:\/\/yoast.com\/product\/yoast-seo-wordpress\/ -->\n<title>KETOXILEN\u00ae - Vetanco Centroamerica y Caribe<\/title>\n<meta name=\"description\" content=\"Ketoxilen est\u00e1 especialmente dise\u00f1ado para ser usado en bovinos y porcinos en el tratamiento de infecciones provocadas por g\u00e9rmenes.\" \/>\n<meta name=\"robots\" content=\"index, follow, max-snippet:-1, max-image-preview:large, max-video-preview:-1\" \/>\n<link rel=\"canonical\" href=\"https:\/\/vetanco.com\/pa\/produto\/ketoxilen\/\" \/>\n<meta property=\"og:locale\" content=\"es_ES\" \/>\n<meta property=\"og:type\" content=\"article\" \/>\n<meta property=\"og:title\" content=\"KETOXILEN\u00ae - Vetanco Centroamerica y Caribe\" \/>\n<meta property=\"og:description\" content=\"Ketoxilen est\u00e1 especialmente dise\u00f1ado para ser usado en bovinos y porcinos en el tratamiento de infecciones provocadas por g\u00e9rmenes.\" \/>\n<meta property=\"og:url\" content=\"https:\/\/vetanco.com\/pa\/produto\/ketoxilen\/\" \/>\n<meta property=\"og:site_name\" content=\"Vetanco Centroamerica y Caribe\" \/>\n<meta property=\"article:modified_time\" content=\"2025-02-05T13:38:55+00:00\" \/>\n<meta property=\"og:image\" content=\"https:\/\/vetanco.com\/pa\/wp-content\/uploads\/2024\/10\/Ketoxilen.png\" \/>\n\t<meta property=\"og:image:width\" content=\"800\" \/>\n\t<meta property=\"og:image:height\" content=\"800\" \/>\n\t<meta property=\"og:image:type\" content=\"image\/png\" \/>\n<meta name=\"twitter:card\" content=\"summary_large_image\" \/>\n<meta name=\"twitter:label1\" content=\"Tiempo de lectura\" \/>\n\t<meta name=\"twitter:data1\" content=\"1 minuto\" \/>\n<script type=\"application\/ld+json\" class=\"yoast-schema-graph\">{\"@context\":\"https:\\\/\\\/schema.org\",\"@graph\":[{\"@type\":\"WebPage\",\"@id\":\"https:\\\/\\\/vetanco.com\\\/pa\\\/produto\\\/ketoxilen\\\/\",\"url\":\"https:\\\/\\\/vetanco.com\\\/pa\\\/produto\\\/ketoxilen\\\/\",\"name\":\"KETOXILEN\u00ae - Vetanco Centroamerica y Caribe\",\"isPartOf\":{\"@id\":\"https:\\\/\\\/vetanco.com\\\/pa\\\/#website\"},\"primaryImageOfPage\":{\"@id\":\"https:\\\/\\\/vetanco.com\\\/pa\\\/produto\\\/ketoxilen\\\/#primaryimage\"},\"image\":{\"@id\":\"https:\\\/\\\/vetanco.com\\\/pa\\\/produto\\\/ketoxilen\\\/#primaryimage\"},\"thumbnailUrl\":\"https:\\\/\\\/vetanco.com\\\/pa\\\/wp-content\\\/uploads\\\/2024\\\/10\\\/Ketoxilen.png\",\"datePublished\":\"2025-01-27T18:18:16+00:00\",\"dateModified\":\"2025-02-05T13:38:55+00:00\",\"description\":\"Ketoxilen est\u00e1 especialmente dise\u00f1ado para ser usado en bovinos y porcinos en el tratamiento de infecciones provocadas por g\u00e9rmenes.\",\"breadcrumb\":{\"@id\":\"https:\\\/\\\/vetanco.com\\\/pa\\\/produto\\\/ketoxilen\\\/#breadcrumb\"},\"inLanguage\":\"es\",\"potentialAction\":[{\"@type\":\"ReadAction\",\"target\":[\"https:\\\/\\\/vetanco.com\\\/pa\\\/produto\\\/ketoxilen\\\/\"]}]},{\"@type\":\"ImageObject\",\"inLanguage\":\"es\",\"@id\":\"https:\\\/\\\/vetanco.com\\\/pa\\\/produto\\\/ketoxilen\\\/#primaryimage\",\"url\":\"https:\\\/\\\/vetanco.com\\\/pa\\\/wp-content\\\/uploads\\\/2024\\\/10\\\/Ketoxilen.png\",\"contentUrl\":\"https:\\\/\\\/vetanco.com\\\/pa\\\/wp-content\\\/uploads\\\/2024\\\/10\\\/Ketoxilen.png\",\"width\":800,\"height\":800},{\"@type\":\"BreadcrumbList\",\"@id\":\"https:\\\/\\\/vetanco.com\\\/pa\\\/produto\\\/ketoxilen\\\/#breadcrumb\",\"itemListElement\":[{\"@type\":\"ListItem\",\"position\":1,\"name\":\"In\u00edcio\",\"item\":\"https:\\\/\\\/vetanco.com\\\/pa\\\/\"},{\"@type\":\"ListItem\",\"position\":2,\"name\":\"Productos\",\"item\":\"https:\\\/\\\/vetanco.com\\\/pa\\\/productos\\\/\"},{\"@type\":\"ListItem\",\"position\":3,\"name\":\"KETOXILEN\u00ae\"}]},{\"@type\":\"WebSite\",\"@id\":\"https:\\\/\\\/vetanco.com\\\/pa\\\/#website\",\"url\":\"https:\\\/\\\/vetanco.com\\\/pa\\\/\",\"name\":\"Vetanco Centroamerica y Caribe\",\"description\":\"Productos Seguros para Alimentos Seguros\",\"potentialAction\":[{\"@type\":\"SearchAction\",\"target\":{\"@type\":\"EntryPoint\",\"urlTemplate\":\"https:\\\/\\\/vetanco.com\\\/pa\\\/?s={search_term_string}\"},\"query-input\":{\"@type\":\"PropertyValueSpecification\",\"valueRequired\":true,\"valueName\":\"search_term_string\"}}],\"inLanguage\":\"es\"}]}<\/script>\n<!-- \/ Yoast SEO plugin. -->","yoast_head_json":{"title":"KETOXILEN\u00ae - Vetanco Centroamerica y Caribe","description":"Ketoxilen est\u00e1 especialmente dise\u00f1ado para ser usado en bovinos y porcinos en el tratamiento de infecciones provocadas por g\u00e9rmenes.","robots":{"index":"index","follow":"follow","max-snippet":"max-snippet:-1","max-image-preview":"max-image-preview:large","max-video-preview":"max-video-preview:-1"},"canonical":"https:\/\/vetanco.com\/pa\/produto\/ketoxilen\/","og_locale":"es_ES","og_type":"article","og_title":"KETOXILEN\u00ae - Vetanco Centroamerica y Caribe","og_description":"Ketoxilen est\u00e1 especialmente dise\u00f1ado para ser usado en bovinos y porcinos en el tratamiento de infecciones provocadas por g\u00e9rmenes.","og_url":"https:\/\/vetanco.com\/pa\/produto\/ketoxilen\/","og_site_name":"Vetanco Centroamerica y Caribe","article_modified_time":"2025-02-05T13:38:55+00:00","og_image":[{"width":800,"height":800,"url":"https:\/\/vetanco.com\/pa\/wp-content\/uploads\/2024\/10\/Ketoxilen.png","type":"image\/png"}],"twitter_card":"summary_large_image","twitter_misc":{"Tiempo de lectura":"1 minuto"},"schema":{"@context":"https:\/\/schema.org","@graph":[{"@type":"WebPage","@id":"https:\/\/vetanco.com\/pa\/produto\/ketoxilen\/","url":"https:\/\/vetanco.com\/pa\/produto\/ketoxilen\/","name":"KETOXILEN\u00ae - Vetanco Centroamerica y Caribe","isPartOf":{"@id":"https:\/\/vetanco.com\/pa\/#website"},"primaryImageOfPage":{"@id":"https:\/\/vetanco.com\/pa\/produto\/ketoxilen\/#primaryimage"},"image":{"@id":"https:\/\/vetanco.com\/pa\/produto\/ketoxilen\/#primaryimage"},"thumbnailUrl":"https:\/\/vetanco.com\/pa\/wp-content\/uploads\/2024\/10\/Ketoxilen.png","datePublished":"2025-01-27T18:18:16+00:00","dateModified":"2025-02-05T13:38:55+00:00","description":"Ketoxilen est\u00e1 especialmente dise\u00f1ado para ser usado en bovinos y porcinos en el tratamiento de infecciones provocadas por g\u00e9rmenes.","breadcrumb":{"@id":"https:\/\/vetanco.com\/pa\/produto\/ketoxilen\/#breadcrumb"},"inLanguage":"es","potentialAction":[{"@type":"ReadAction","target":["https:\/\/vetanco.com\/pa\/produto\/ketoxilen\/"]}]},{"@type":"ImageObject","inLanguage":"es","@id":"https:\/\/vetanco.com\/pa\/produto\/ketoxilen\/#primaryimage","url":"https:\/\/vetanco.com\/pa\/wp-content\/uploads\/2024\/10\/Ketoxilen.png","contentUrl":"https:\/\/vetanco.com\/pa\/wp-content\/uploads\/2024\/10\/Ketoxilen.png","width":800,"height":800},{"@type":"BreadcrumbList","@id":"https:\/\/vetanco.com\/pa\/produto\/ketoxilen\/#breadcrumb","itemListElement":[{"@type":"ListItem","position":1,"name":"In\u00edcio","item":"https:\/\/vetanco.com\/pa\/"},{"@type":"ListItem","position":2,"name":"Productos","item":"https:\/\/vetanco.com\/pa\/productos\/"},{"@type":"ListItem","position":3,"name":"KETOXILEN\u00ae"}]},{"@type":"WebSite","@id":"https:\/\/vetanco.com\/pa\/#website","url":"https:\/\/vetanco.com\/pa\/","name":"Vetanco Centroamerica y Caribe","description":"Productos Seguros para Alimentos Seguros","potentialAction":[{"@type":"SearchAction","target":{"@type":"EntryPoint","urlTemplate":"https:\/\/vetanco.com\/pa\/?s={search_term_string}"},"query-input":{"@type":"PropertyValueSpecification","valueRequired":true,"valueName":"search_term_string"}}],"inLanguage":"es"}]}},"_links":{"self":[{"href":"https:\/\/vetanco.com\/pa\/wp-json\/wp\/v2\/product\/5887","targetHints":{"allow":["GET"]}}],"collection":[{"href":"https:\/\/vetanco.com\/pa\/wp-json\/wp\/v2\/product"}],"about":[{"href":"https:\/\/vetanco.com\/pa\/wp-json\/wp\/v2\/types\/product"}],"replies":[{"embeddable":true,"href":"https:\/\/vetanco.com\/pa\/wp-json\/wp\/v2\/comments?post=5887"}],"wp:featuredmedia":[{"embeddable":true,"href":"https:\/\/vetanco.com\/pa\/wp-json\/wp\/v2\/media\/5992"}],"wp:attachment":[{"href":"https:\/\/vetanco.com\/pa\/wp-json\/wp\/v2\/media?parent=5887"}],"wp:term":[{"taxonomy":"product_brand","embeddable":true,"href":"https:\/\/vetanco.com\/pa\/wp-json\/wp\/v2\/product_brand?post=5887"},{"taxonomy":"product_cat","embeddable":true,"href":"https:\/\/vetanco.com\/pa\/wp-json\/wp\/v2\/product_cat?post=5887"},{"taxonomy":"product_tag","embeddable":true,"href":"https:\/\/vetanco.com\/pa\/wp-json\/wp\/v2\/product_tag?post=5887"}],"curies":[{"name":"wp","href":"https:\/\/api.w.org\/{rel}","templated":true}]}}