{"id":4606,"date":"2024-11-06T16:54:07","date_gmt":"2024-11-06T19:54:07","guid":{"rendered":"https:\/\/vetanco.tech\/uy\/?post_type=product&#038;p=4606"},"modified":"2025-02-07T11:24:01","modified_gmt":"2025-02-07T14:24:01","slug":"uniwal-mos-25","status":"publish","type":"product","link":"https:\/\/vetanco.com\/uy\/produto\/uniwal-mos-25\/","title":{"rendered":"UNIWALL<sup>\u00ae<\/sup> MOS 25"},"content":{"rendered":"<p><span style=\"color: #00397f;\"><strong>DOSIS<\/strong><\/span><\/p>\n<ul>\n<li>En <em>rumiantes y cerdos:<\/em> 1 a 2 kg \/ ton de alimento.<\/li>\n<li>En <em>aves<\/em>, alimento pre-iniciador e iniciador:\u00a02 kg\/ton.<\/li>\n<li><em>Ponedoras y reproductoras:<\/em> 1 a 2 kg por tonelada.<\/li>\n<li><em>Alimento terminador y de retiro:<\/em> 1 kg\/ton.<\/li>\n<\/ul>\n<p>&nbsp;<\/p>\n<p><span style=\"color: #00397f;\"><strong>PRESENTACI\u00d3N<\/strong><\/span><\/p>\n<p>25 kg.<\/p>\n","protected":false},"excerpt":{"rendered":"<p><img loading=\"lazy\" decoding=\"async\" class=\"alignnone size-full wp-image-4595\" src=\"https:\/\/vetanco.com\/uy\/wp-content\/uploads\/2024\/11\/Picto-Cerdos.png\" alt=\"\" width=\"75\" height=\"63\" \/> <img loading=\"lazy\" decoding=\"async\" class=\"alignnone size-full wp-image-4596\" src=\"https:\/\/vetanco.com\/uy\/wp-content\/uploads\/2024\/11\/Picto-Aves.png\" alt=\"\" width=\"75\" height=\"63\" \/> <img loading=\"lazy\" decoding=\"async\" class=\"alignnone size-full wp-image-4594\" src=\"https:\/\/vetanco.com\/uy\/wp-content\/uploads\/2024\/11\/Picto-Bovinos.png\" alt=\"\" width=\"75\" height=\"63\" \/><\/p>\n<p><strong>Aditivo Prebi\u00f3tico &#8211; Bacteriost\u00e1tico.<\/strong><\/p>\n<p>Uniwall MOS 25 es utilizado como destructor de bacterias Gram negativas en el alimento animal y como suplemento nutricional de proteinas y carbohidratos, favoreciendo el desarrollo de la flora ben\u00e9fica productora de \u00e1cido l\u00e1ctico.<\/p>\n","protected":false},"featured_media":5999,"comment_status":"open","ping_status":"closed","template":"","meta":[],"product_brand":[],"product_cat":[172],"product_tag":[],"class_list":{"0":"post-4606","1":"product","2":"type-product","3":"status-publish","4":"has-post-thumbnail","6":"product_cat-aditivos","8":"first","9":"instock","10":"shipping-taxable","11":"product-type-simple"},"yoast_head":"<!-- This site is optimized with the Yoast SEO plugin v27.3 - https:\/\/yoast.com\/product\/yoast-seo-wordpress\/ -->\n<title>UNIWALL\u00ae MOS 25 - Vetanco Uruguay<\/title>\n<meta name=\"description\" content=\"Es utilizado como destructor de bacterias Gram negativas en el alimento animal y como suplemento nutricional de proteinas y carbohidratos.\" \/>\n<meta name=\"robots\" content=\"index, follow, max-snippet:-1, max-image-preview:large, max-video-preview:-1\" \/>\n<link rel=\"canonical\" href=\"https:\/\/vetanco.com\/uy\/produto\/uniwal-mos-25\/\" \/>\n<meta property=\"og:locale\" content=\"es_ES\" \/>\n<meta property=\"og:type\" content=\"article\" \/>\n<meta property=\"og:title\" content=\"UNIWALL\u00ae MOS 25 - Vetanco Uruguay\" \/>\n<meta property=\"og:description\" content=\"Es utilizado como destructor de bacterias Gram negativas en el alimento animal y como suplemento nutricional de proteinas y carbohidratos.\" \/>\n<meta property=\"og:url\" content=\"https:\/\/vetanco.com\/uy\/produto\/uniwal-mos-25\/\" \/>\n<meta property=\"og:site_name\" content=\"Vetanco Uruguay\" \/>\n<meta property=\"article:modified_time\" content=\"2025-02-07T14:24:01+00:00\" \/>\n<meta property=\"og:image\" content=\"https:\/\/vetanco.com\/uy\/wp-content\/uploads\/2024\/10\/Uniwall-Mos-25-2.png\" \/>\n\t<meta property=\"og:image:width\" content=\"800\" \/>\n\t<meta property=\"og:image:height\" content=\"800\" \/>\n\t<meta property=\"og:image:type\" content=\"image\/png\" \/>\n<meta name=\"twitter:card\" content=\"summary_large_image\" \/>\n<meta name=\"twitter:label1\" content=\"Tiempo de lectura\" \/>\n\t<meta name=\"twitter:data1\" content=\"1 minuto\" \/>\n<script type=\"application\/ld+json\" class=\"yoast-schema-graph\">{\"@context\":\"https:\\\/\\\/schema.org\",\"@graph\":[{\"@type\":\"WebPage\",\"@id\":\"https:\\\/\\\/vetanco.com\\\/uy\\\/produto\\\/uniwal-mos-25\\\/\",\"url\":\"https:\\\/\\\/vetanco.com\\\/uy\\\/produto\\\/uniwal-mos-25\\\/\",\"name\":\"UNIWALL\u00ae MOS 25 - Vetanco Uruguay\",\"isPartOf\":{\"@id\":\"https:\\\/\\\/vetanco.com\\\/uy\\\/#website\"},\"primaryImageOfPage\":{\"@id\":\"https:\\\/\\\/vetanco.com\\\/uy\\\/produto\\\/uniwal-mos-25\\\/#primaryimage\"},\"image\":{\"@id\":\"https:\\\/\\\/vetanco.com\\\/uy\\\/produto\\\/uniwal-mos-25\\\/#primaryimage\"},\"thumbnailUrl\":\"https:\\\/\\\/vetanco.com\\\/uy\\\/wp-content\\\/uploads\\\/2024\\\/10\\\/Uniwall-Mos-25-2.png\",\"datePublished\":\"2024-11-06T19:54:07+00:00\",\"dateModified\":\"2025-02-07T14:24:01+00:00\",\"description\":\"Es utilizado como destructor de bacterias Gram negativas en el alimento animal y como suplemento nutricional de proteinas y carbohidratos.\",\"breadcrumb\":{\"@id\":\"https:\\\/\\\/vetanco.com\\\/uy\\\/produto\\\/uniwal-mos-25\\\/#breadcrumb\"},\"inLanguage\":\"es\",\"potentialAction\":[{\"@type\":\"ReadAction\",\"target\":[\"https:\\\/\\\/vetanco.com\\\/uy\\\/produto\\\/uniwal-mos-25\\\/\"]}]},{\"@type\":\"ImageObject\",\"inLanguage\":\"es\",\"@id\":\"https:\\\/\\\/vetanco.com\\\/uy\\\/produto\\\/uniwal-mos-25\\\/#primaryimage\",\"url\":\"https:\\\/\\\/vetanco.com\\\/uy\\\/wp-content\\\/uploads\\\/2024\\\/10\\\/Uniwall-Mos-25-2.png\",\"contentUrl\":\"https:\\\/\\\/vetanco.com\\\/uy\\\/wp-content\\\/uploads\\\/2024\\\/10\\\/Uniwall-Mos-25-2.png\",\"width\":800,\"height\":800},{\"@type\":\"BreadcrumbList\",\"@id\":\"https:\\\/\\\/vetanco.com\\\/uy\\\/produto\\\/uniwal-mos-25\\\/#breadcrumb\",\"itemListElement\":[{\"@type\":\"ListItem\",\"position\":1,\"name\":\"In\u00edcio\",\"item\":\"https:\\\/\\\/vetanco.com\\\/uy\\\/\"},{\"@type\":\"ListItem\",\"position\":2,\"name\":\"Productos\",\"item\":\"https:\\\/\\\/vetanco.com\\\/uy\\\/productos\\\/\"},{\"@type\":\"ListItem\",\"position\":3,\"name\":\"UNIWALL\u00ae MOS 25\"}]},{\"@type\":\"WebSite\",\"@id\":\"https:\\\/\\\/vetanco.com\\\/uy\\\/#website\",\"url\":\"https:\\\/\\\/vetanco.com\\\/uy\\\/\",\"name\":\"Vetanco Uruguay\",\"description\":\"Productos Seguros para Alimentos Seguros\",\"potentialAction\":[{\"@type\":\"SearchAction\",\"target\":{\"@type\":\"EntryPoint\",\"urlTemplate\":\"https:\\\/\\\/vetanco.com\\\/uy\\\/?s={search_term_string}\"},\"query-input\":{\"@type\":\"PropertyValueSpecification\",\"valueRequired\":true,\"valueName\":\"search_term_string\"}}],\"inLanguage\":\"es\"}]}<\/script>\n<!-- \/ Yoast SEO plugin. -->","yoast_head_json":{"title":"UNIWALL\u00ae MOS 25 - Vetanco Uruguay","description":"Es utilizado como destructor de bacterias Gram negativas en el alimento animal y como suplemento nutricional de proteinas y carbohidratos.","robots":{"index":"index","follow":"follow","max-snippet":"max-snippet:-1","max-image-preview":"max-image-preview:large","max-video-preview":"max-video-preview:-1"},"canonical":"https:\/\/vetanco.com\/uy\/produto\/uniwal-mos-25\/","og_locale":"es_ES","og_type":"article","og_title":"UNIWALL\u00ae MOS 25 - Vetanco Uruguay","og_description":"Es utilizado como destructor de bacterias Gram negativas en el alimento animal y como suplemento nutricional de proteinas y carbohidratos.","og_url":"https:\/\/vetanco.com\/uy\/produto\/uniwal-mos-25\/","og_site_name":"Vetanco Uruguay","article_modified_time":"2025-02-07T14:24:01+00:00","og_image":[{"width":800,"height":800,"url":"https:\/\/vetanco.com\/uy\/wp-content\/uploads\/2024\/10\/Uniwall-Mos-25-2.png","type":"image\/png"}],"twitter_card":"summary_large_image","twitter_misc":{"Tiempo de lectura":"1 minuto"},"schema":{"@context":"https:\/\/schema.org","@graph":[{"@type":"WebPage","@id":"https:\/\/vetanco.com\/uy\/produto\/uniwal-mos-25\/","url":"https:\/\/vetanco.com\/uy\/produto\/uniwal-mos-25\/","name":"UNIWALL\u00ae MOS 25 - Vetanco Uruguay","isPartOf":{"@id":"https:\/\/vetanco.com\/uy\/#website"},"primaryImageOfPage":{"@id":"https:\/\/vetanco.com\/uy\/produto\/uniwal-mos-25\/#primaryimage"},"image":{"@id":"https:\/\/vetanco.com\/uy\/produto\/uniwal-mos-25\/#primaryimage"},"thumbnailUrl":"https:\/\/vetanco.com\/uy\/wp-content\/uploads\/2024\/10\/Uniwall-Mos-25-2.png","datePublished":"2024-11-06T19:54:07+00:00","dateModified":"2025-02-07T14:24:01+00:00","description":"Es utilizado como destructor de bacterias Gram negativas en el alimento animal y como suplemento nutricional de proteinas y carbohidratos.","breadcrumb":{"@id":"https:\/\/vetanco.com\/uy\/produto\/uniwal-mos-25\/#breadcrumb"},"inLanguage":"es","potentialAction":[{"@type":"ReadAction","target":["https:\/\/vetanco.com\/uy\/produto\/uniwal-mos-25\/"]}]},{"@type":"ImageObject","inLanguage":"es","@id":"https:\/\/vetanco.com\/uy\/produto\/uniwal-mos-25\/#primaryimage","url":"https:\/\/vetanco.com\/uy\/wp-content\/uploads\/2024\/10\/Uniwall-Mos-25-2.png","contentUrl":"https:\/\/vetanco.com\/uy\/wp-content\/uploads\/2024\/10\/Uniwall-Mos-25-2.png","width":800,"height":800},{"@type":"BreadcrumbList","@id":"https:\/\/vetanco.com\/uy\/produto\/uniwal-mos-25\/#breadcrumb","itemListElement":[{"@type":"ListItem","position":1,"name":"In\u00edcio","item":"https:\/\/vetanco.com\/uy\/"},{"@type":"ListItem","position":2,"name":"Productos","item":"https:\/\/vetanco.com\/uy\/productos\/"},{"@type":"ListItem","position":3,"name":"UNIWALL\u00ae MOS 25"}]},{"@type":"WebSite","@id":"https:\/\/vetanco.com\/uy\/#website","url":"https:\/\/vetanco.com\/uy\/","name":"Vetanco Uruguay","description":"Productos Seguros para Alimentos Seguros","potentialAction":[{"@type":"SearchAction","target":{"@type":"EntryPoint","urlTemplate":"https:\/\/vetanco.com\/uy\/?s={search_term_string}"},"query-input":{"@type":"PropertyValueSpecification","valueRequired":true,"valueName":"search_term_string"}}],"inLanguage":"es"}]}},"_links":{"self":[{"href":"https:\/\/vetanco.com\/uy\/wp-json\/wp\/v2\/product\/4606","targetHints":{"allow":["GET"]}}],"collection":[{"href":"https:\/\/vetanco.com\/uy\/wp-json\/wp\/v2\/product"}],"about":[{"href":"https:\/\/vetanco.com\/uy\/wp-json\/wp\/v2\/types\/product"}],"replies":[{"embeddable":true,"href":"https:\/\/vetanco.com\/uy\/wp-json\/wp\/v2\/comments?post=4606"}],"wp:featuredmedia":[{"embeddable":true,"href":"https:\/\/vetanco.com\/uy\/wp-json\/wp\/v2\/media\/5999"}],"wp:attachment":[{"href":"https:\/\/vetanco.com\/uy\/wp-json\/wp\/v2\/media?parent=4606"}],"wp:term":[{"taxonomy":"product_brand","embeddable":true,"href":"https:\/\/vetanco.com\/uy\/wp-json\/wp\/v2\/product_brand?post=4606"},{"taxonomy":"product_cat","embeddable":true,"href":"https:\/\/vetanco.com\/uy\/wp-json\/wp\/v2\/product_cat?post=4606"},{"taxonomy":"product_tag","embeddable":true,"href":"https:\/\/vetanco.com\/uy\/wp-json\/wp\/v2\/product_tag?post=4606"}],"curies":[{"name":"wp","href":"https:\/\/api.w.org\/{rel}","templated":true}]}}