{"id":4643,"date":"2024-11-07T11:14:36","date_gmt":"2024-11-07T14:14:36","guid":{"rendered":"https:\/\/vetanco.tech\/uy\/?post_type=product&#038;p=4643"},"modified":"2025-02-05T14:05:56","modified_gmt":"2025-02-05T17:05:56","slug":"angersol-l-130","status":"publish","type":"product","link":"https:\/\/vetanco.com\/uy\/produto\/angersol-l-130\/","title":{"rendered":"ANGERSOL<sup>\u00ae<\/sup> L 130"},"content":{"rendered":"<p><span style=\"color: #00397f;\"><strong>COMPOSICI\u00d3N<\/strong><\/span><\/p>\n<p>Leucomicina 13%.<\/p>\n<p>&nbsp;<\/p>\n<p><span style=\"color: #00397f;\"><strong>DOSIS<\/strong><\/span><\/p>\n<p>En aves reproductores y pollos parrilleros: 1,5 a 2 kg por tonelada de raci\u00f3n. Se administra via oral, mezclado con el alimento, durante 5 a 7 d\u00edas. El alimento debe ser consumido dentro de los 40 d\u00edas de preparado.<\/p>\n<p>&nbsp;<\/p>\n<p><span style=\"color: #00397f;\"><strong>PER\u00cdODO DE RETIRO<\/strong><\/span><\/p>\n<p>En carne 5 d\u00edas.<\/p>\n<p>&nbsp;<\/p>\n<p><span style=\"color: #00397f;\"><strong>PRESENTACI\u00d3N<\/strong><\/span><\/p>\n<p>25 kg.<\/p>\n","protected":false},"excerpt":{"rendered":"<p><img loading=\"lazy\" decoding=\"async\" class=\"alignnone size-full wp-image-4638\" src=\"https:\/\/vetanco.com\/uy\/wp-content\/uploads\/2024\/11\/Picto-Aves-1.png\" alt=\"\" width=\"75\" height=\"63\" \/><\/p>\n<p>Control de infecciones bacterianas en aves:<br \/>\n\u2022 Micoplasmosis: <em>Mycoplasma maleagridis, Mycoplasma synoviae.<\/em><br \/>\n\u2022 Enfermedad respiratoria cr\u00f3nica (ERC): <em>Mycoplasma gallisepticum.<\/em><br \/>\n\u2022 Enfermedades Respiratorias: <em>Pasteurella spp.<\/em><br \/>\n\u2022 Artritis: <em>Streptococcus spp.<\/em><br \/>\n\u2022 Enteritis ulcerativa: <em>Clostridium colinum.<\/em><br \/>\n\u2022 Enteritis necr\u00f3tica: <em>Cl. perfringens.<\/em><br \/>\n\u2022 Dermatitis gangrenosa: <em>Cl. septicum, Cl. perfringens.<\/em><\/p>\n","protected":false},"featured_media":6028,"comment_status":"open","ping_status":"closed","template":"","meta":[],"product_brand":[],"product_cat":[175],"product_tag":[],"class_list":{"0":"post-4643","1":"product","2":"type-product","3":"status-publish","4":"has-post-thumbnail","6":"product_cat-antibioticos-premix","8":"first","9":"instock","10":"shipping-taxable","11":"product-type-simple"},"yoast_head":"<!-- This site is optimized with the Yoast SEO plugin v27.3 - https:\/\/yoast.com\/product\/yoast-seo-wordpress\/ -->\n<title>ANGERSOL\u00ae L 130 - Vetanco Uruguay<\/title>\n<meta name=\"description\" content=\"Antibi\u00f3tico de la l\u00ednea de productos Vetanco producido especialmente para el control de infecciones bacterianas en aves reproductores y pollos parrilleros.\" \/>\n<meta name=\"robots\" content=\"index, follow, max-snippet:-1, max-image-preview:large, max-video-preview:-1\" \/>\n<link rel=\"canonical\" href=\"https:\/\/vetanco.com\/uy\/produto\/angersol-l-130\/\" \/>\n<meta property=\"og:locale\" content=\"es_ES\" \/>\n<meta property=\"og:type\" content=\"article\" \/>\n<meta property=\"og:title\" content=\"ANGERSOL\u00ae L 130 - Vetanco Uruguay\" \/>\n<meta property=\"og:description\" content=\"Antibi\u00f3tico de la l\u00ednea de productos Vetanco producido especialmente para el control de infecciones bacterianas en aves reproductores y pollos parrilleros.\" \/>\n<meta property=\"og:url\" content=\"https:\/\/vetanco.com\/uy\/produto\/angersol-l-130\/\" \/>\n<meta property=\"og:site_name\" content=\"Vetanco Uruguay\" \/>\n<meta property=\"article:modified_time\" content=\"2025-02-05T17:05:56+00:00\" \/>\n<meta property=\"og:image\" content=\"https:\/\/vetanco.com\/uy\/wp-content\/uploads\/2024\/10\/Angersol-L130-1.png\" \/>\n\t<meta property=\"og:image:width\" content=\"800\" \/>\n\t<meta property=\"og:image:height\" content=\"800\" \/>\n\t<meta property=\"og:image:type\" content=\"image\/png\" \/>\n<meta name=\"twitter:card\" content=\"summary_large_image\" \/>\n<meta name=\"twitter:label1\" content=\"Tiempo de lectura\" \/>\n\t<meta name=\"twitter:data1\" content=\"1 minuto\" \/>\n<script type=\"application\/ld+json\" class=\"yoast-schema-graph\">{\"@context\":\"https:\\\/\\\/schema.org\",\"@graph\":[{\"@type\":\"WebPage\",\"@id\":\"https:\\\/\\\/vetanco.com\\\/uy\\\/produto\\\/angersol-l-130\\\/\",\"url\":\"https:\\\/\\\/vetanco.com\\\/uy\\\/produto\\\/angersol-l-130\\\/\",\"name\":\"ANGERSOL\u00ae L 130 - Vetanco Uruguay\",\"isPartOf\":{\"@id\":\"https:\\\/\\\/vetanco.com\\\/uy\\\/#website\"},\"primaryImageOfPage\":{\"@id\":\"https:\\\/\\\/vetanco.com\\\/uy\\\/produto\\\/angersol-l-130\\\/#primaryimage\"},\"image\":{\"@id\":\"https:\\\/\\\/vetanco.com\\\/uy\\\/produto\\\/angersol-l-130\\\/#primaryimage\"},\"thumbnailUrl\":\"https:\\\/\\\/vetanco.com\\\/uy\\\/wp-content\\\/uploads\\\/2024\\\/10\\\/Angersol-L130-1.png\",\"datePublished\":\"2024-11-07T14:14:36+00:00\",\"dateModified\":\"2025-02-05T17:05:56+00:00\",\"description\":\"Antibi\u00f3tico de la l\u00ednea de productos Vetanco producido especialmente para el control de infecciones bacterianas en aves reproductores y pollos parrilleros.\",\"breadcrumb\":{\"@id\":\"https:\\\/\\\/vetanco.com\\\/uy\\\/produto\\\/angersol-l-130\\\/#breadcrumb\"},\"inLanguage\":\"es\",\"potentialAction\":[{\"@type\":\"ReadAction\",\"target\":[\"https:\\\/\\\/vetanco.com\\\/uy\\\/produto\\\/angersol-l-130\\\/\"]}]},{\"@type\":\"ImageObject\",\"inLanguage\":\"es\",\"@id\":\"https:\\\/\\\/vetanco.com\\\/uy\\\/produto\\\/angersol-l-130\\\/#primaryimage\",\"url\":\"https:\\\/\\\/vetanco.com\\\/uy\\\/wp-content\\\/uploads\\\/2024\\\/10\\\/Angersol-L130-1.png\",\"contentUrl\":\"https:\\\/\\\/vetanco.com\\\/uy\\\/wp-content\\\/uploads\\\/2024\\\/10\\\/Angersol-L130-1.png\",\"width\":800,\"height\":800},{\"@type\":\"BreadcrumbList\",\"@id\":\"https:\\\/\\\/vetanco.com\\\/uy\\\/produto\\\/angersol-l-130\\\/#breadcrumb\",\"itemListElement\":[{\"@type\":\"ListItem\",\"position\":1,\"name\":\"In\u00edcio\",\"item\":\"https:\\\/\\\/vetanco.com\\\/uy\\\/\"},{\"@type\":\"ListItem\",\"position\":2,\"name\":\"Productos\",\"item\":\"https:\\\/\\\/vetanco.com\\\/uy\\\/productos\\\/\"},{\"@type\":\"ListItem\",\"position\":3,\"name\":\"ANGERSOL\u00ae L 130\"}]},{\"@type\":\"WebSite\",\"@id\":\"https:\\\/\\\/vetanco.com\\\/uy\\\/#website\",\"url\":\"https:\\\/\\\/vetanco.com\\\/uy\\\/\",\"name\":\"Vetanco Uruguay\",\"description\":\"Productos Seguros para Alimentos Seguros\",\"potentialAction\":[{\"@type\":\"SearchAction\",\"target\":{\"@type\":\"EntryPoint\",\"urlTemplate\":\"https:\\\/\\\/vetanco.com\\\/uy\\\/?s={search_term_string}\"},\"query-input\":{\"@type\":\"PropertyValueSpecification\",\"valueRequired\":true,\"valueName\":\"search_term_string\"}}],\"inLanguage\":\"es\"}]}<\/script>\n<!-- \/ Yoast SEO plugin. -->","yoast_head_json":{"title":"ANGERSOL\u00ae L 130 - Vetanco Uruguay","description":"Antibi\u00f3tico de la l\u00ednea de productos Vetanco producido especialmente para el control de infecciones bacterianas en aves reproductores y pollos parrilleros.","robots":{"index":"index","follow":"follow","max-snippet":"max-snippet:-1","max-image-preview":"max-image-preview:large","max-video-preview":"max-video-preview:-1"},"canonical":"https:\/\/vetanco.com\/uy\/produto\/angersol-l-130\/","og_locale":"es_ES","og_type":"article","og_title":"ANGERSOL\u00ae L 130 - Vetanco Uruguay","og_description":"Antibi\u00f3tico de la l\u00ednea de productos Vetanco producido especialmente para el control de infecciones bacterianas en aves reproductores y pollos parrilleros.","og_url":"https:\/\/vetanco.com\/uy\/produto\/angersol-l-130\/","og_site_name":"Vetanco Uruguay","article_modified_time":"2025-02-05T17:05:56+00:00","og_image":[{"width":800,"height":800,"url":"https:\/\/vetanco.com\/uy\/wp-content\/uploads\/2024\/10\/Angersol-L130-1.png","type":"image\/png"}],"twitter_card":"summary_large_image","twitter_misc":{"Tiempo de lectura":"1 minuto"},"schema":{"@context":"https:\/\/schema.org","@graph":[{"@type":"WebPage","@id":"https:\/\/vetanco.com\/uy\/produto\/angersol-l-130\/","url":"https:\/\/vetanco.com\/uy\/produto\/angersol-l-130\/","name":"ANGERSOL\u00ae L 130 - Vetanco Uruguay","isPartOf":{"@id":"https:\/\/vetanco.com\/uy\/#website"},"primaryImageOfPage":{"@id":"https:\/\/vetanco.com\/uy\/produto\/angersol-l-130\/#primaryimage"},"image":{"@id":"https:\/\/vetanco.com\/uy\/produto\/angersol-l-130\/#primaryimage"},"thumbnailUrl":"https:\/\/vetanco.com\/uy\/wp-content\/uploads\/2024\/10\/Angersol-L130-1.png","datePublished":"2024-11-07T14:14:36+00:00","dateModified":"2025-02-05T17:05:56+00:00","description":"Antibi\u00f3tico de la l\u00ednea de productos Vetanco producido especialmente para el control de infecciones bacterianas en aves reproductores y pollos parrilleros.","breadcrumb":{"@id":"https:\/\/vetanco.com\/uy\/produto\/angersol-l-130\/#breadcrumb"},"inLanguage":"es","potentialAction":[{"@type":"ReadAction","target":["https:\/\/vetanco.com\/uy\/produto\/angersol-l-130\/"]}]},{"@type":"ImageObject","inLanguage":"es","@id":"https:\/\/vetanco.com\/uy\/produto\/angersol-l-130\/#primaryimage","url":"https:\/\/vetanco.com\/uy\/wp-content\/uploads\/2024\/10\/Angersol-L130-1.png","contentUrl":"https:\/\/vetanco.com\/uy\/wp-content\/uploads\/2024\/10\/Angersol-L130-1.png","width":800,"height":800},{"@type":"BreadcrumbList","@id":"https:\/\/vetanco.com\/uy\/produto\/angersol-l-130\/#breadcrumb","itemListElement":[{"@type":"ListItem","position":1,"name":"In\u00edcio","item":"https:\/\/vetanco.com\/uy\/"},{"@type":"ListItem","position":2,"name":"Productos","item":"https:\/\/vetanco.com\/uy\/productos\/"},{"@type":"ListItem","position":3,"name":"ANGERSOL\u00ae L 130"}]},{"@type":"WebSite","@id":"https:\/\/vetanco.com\/uy\/#website","url":"https:\/\/vetanco.com\/uy\/","name":"Vetanco Uruguay","description":"Productos Seguros para Alimentos Seguros","potentialAction":[{"@type":"SearchAction","target":{"@type":"EntryPoint","urlTemplate":"https:\/\/vetanco.com\/uy\/?s={search_term_string}"},"query-input":{"@type":"PropertyValueSpecification","valueRequired":true,"valueName":"search_term_string"}}],"inLanguage":"es"}]}},"_links":{"self":[{"href":"https:\/\/vetanco.com\/uy\/wp-json\/wp\/v2\/product\/4643","targetHints":{"allow":["GET"]}}],"collection":[{"href":"https:\/\/vetanco.com\/uy\/wp-json\/wp\/v2\/product"}],"about":[{"href":"https:\/\/vetanco.com\/uy\/wp-json\/wp\/v2\/types\/product"}],"replies":[{"embeddable":true,"href":"https:\/\/vetanco.com\/uy\/wp-json\/wp\/v2\/comments?post=4643"}],"wp:featuredmedia":[{"embeddable":true,"href":"https:\/\/vetanco.com\/uy\/wp-json\/wp\/v2\/media\/6028"}],"wp:attachment":[{"href":"https:\/\/vetanco.com\/uy\/wp-json\/wp\/v2\/media?parent=4643"}],"wp:term":[{"taxonomy":"product_brand","embeddable":true,"href":"https:\/\/vetanco.com\/uy\/wp-json\/wp\/v2\/product_brand?post=4643"},{"taxonomy":"product_cat","embeddable":true,"href":"https:\/\/vetanco.com\/uy\/wp-json\/wp\/v2\/product_cat?post=4643"},{"taxonomy":"product_tag","embeddable":true,"href":"https:\/\/vetanco.com\/uy\/wp-json\/wp\/v2\/product_tag?post=4643"}],"curies":[{"name":"wp","href":"https:\/\/api.w.org\/{rel}","templated":true}]}}