{"id":4665,"date":"2024-11-07T14:59:42","date_gmt":"2024-11-07T17:59:42","guid":{"rendered":"https:\/\/vetanco.tech\/uy\/?post_type=product&#038;p=4665"},"modified":"2025-02-05T14:26:13","modified_gmt":"2025-02-05T17:26:13","slug":"biotech-vac-salmonella","status":"publish","type":"product","link":"https:\/\/vetanco.com\/uy\/produto\/biotech-vac-salmonella\/","title":{"rendered":"BIOTECH VAC<sup>\u00ae<\/sup> SALMONELLA"},"content":{"rendered":"<p><span style=\"color: #00397f;\"><strong>DOSIS<\/strong><\/span><\/p>\n<p>0,2 ml por animal. Aplicar dos dosis en pollos de engorde y tres dosis en ponedoras y reproductoras. La primera dosis a los 3 d\u00edas de edad, la segunda 14 d\u00edas despu\u00e9s y la tercera dosis se puede aplicar durante la semana 12 a 16 de vida del animal. Administrar v\u00eda oral, en el agua de bebida.<\/p>\n<p>&nbsp;<\/p>\n<p><span style=\"color: #00397f;\"><strong>PER\u00cdODO DE RETIRO<\/strong><\/span><\/p>\n<p>0 d\u00edas.<\/p>\n<p>&nbsp;<\/p>\n<p><span style=\"color: #00397f;\"><strong>PRESENTACIONES<\/strong><\/span><\/p>\n<p>800 ml (por 4.000 dosis) y 2 litros (por 10.000 dosis).<\/p>\n","protected":false},"excerpt":{"rendered":"<p><img loading=\"lazy\" decoding=\"async\" class=\"alignnone size-full wp-image-4638\" src=\"https:\/\/vetanco.com\/uy\/wp-content\/uploads\/2024\/11\/Picto-Aves-1.png\" alt=\"\" width=\"75\" height=\"63\" \/><\/p>\n<p><strong>Subunidad de <em>Salmonella spp<\/em> producida por <em>Bacillus subtilis<\/em>.<\/strong><\/p>\n<p>Vacuna inactivada a subunidad, de administraci\u00f3n oral, que provee protecci\u00f3n contra serotipos de Salmonella considerados en general de impacto en la seguridad alimentaria.<\/p>\n","protected":false},"featured_media":5960,"comment_status":"open","ping_status":"closed","template":"","meta":[],"product_brand":[],"product_cat":[179],"product_tag":[],"class_list":{"0":"post-4665","1":"product","2":"type-product","3":"status-publish","4":"has-post-thumbnail","6":"product_cat-biologicos","8":"first","9":"instock","10":"shipping-taxable","11":"product-type-simple"},"yoast_head":"<!-- This site is optimized with the Yoast SEO plugin v27.3 - https:\/\/yoast.com\/product\/yoast-seo-wordpress\/ -->\n<title>BIOTECH VAC\u00ae SALMONELLA - Vetanco Uruguay<\/title>\n<meta name=\"description\" content=\"Se trata de la vacuna inactivada a subunidad, de administraci\u00f3n oral, que provee protecci\u00f3n contra serotipos de Salmonella.\" \/>\n<meta name=\"robots\" content=\"index, follow, max-snippet:-1, max-image-preview:large, max-video-preview:-1\" \/>\n<link rel=\"canonical\" href=\"https:\/\/vetanco.com\/uy\/produto\/biotech-vac-salmonella\/\" \/>\n<meta property=\"og:locale\" content=\"es_ES\" \/>\n<meta property=\"og:type\" content=\"article\" \/>\n<meta property=\"og:title\" content=\"BIOTECH VAC\u00ae SALMONELLA - Vetanco Uruguay\" \/>\n<meta property=\"og:description\" content=\"Se trata de la vacuna inactivada a subunidad, de administraci\u00f3n oral, que provee protecci\u00f3n contra serotipos de Salmonella.\" \/>\n<meta property=\"og:url\" content=\"https:\/\/vetanco.com\/uy\/produto\/biotech-vac-salmonella\/\" \/>\n<meta property=\"og:site_name\" content=\"Vetanco Uruguay\" \/>\n<meta property=\"article:modified_time\" content=\"2025-02-05T17:26:13+00:00\" \/>\n<meta property=\"og:image\" content=\"https:\/\/vetanco.com\/uy\/wp-content\/uploads\/2024\/10\/Biotech-Vac-Salmonella.png\" \/>\n\t<meta property=\"og:image:width\" content=\"800\" \/>\n\t<meta property=\"og:image:height\" content=\"800\" \/>\n\t<meta property=\"og:image:type\" content=\"image\/png\" \/>\n<meta name=\"twitter:card\" content=\"summary_large_image\" \/>\n<meta name=\"twitter:label1\" content=\"Tiempo de lectura\" \/>\n\t<meta name=\"twitter:data1\" content=\"1 minuto\" \/>\n<script type=\"application\/ld+json\" class=\"yoast-schema-graph\">{\"@context\":\"https:\\\/\\\/schema.org\",\"@graph\":[{\"@type\":\"WebPage\",\"@id\":\"https:\\\/\\\/vetanco.com\\\/uy\\\/produto\\\/biotech-vac-salmonella\\\/\",\"url\":\"https:\\\/\\\/vetanco.com\\\/uy\\\/produto\\\/biotech-vac-salmonella\\\/\",\"name\":\"BIOTECH VAC\u00ae SALMONELLA - Vetanco Uruguay\",\"isPartOf\":{\"@id\":\"https:\\\/\\\/vetanco.com\\\/uy\\\/#website\"},\"primaryImageOfPage\":{\"@id\":\"https:\\\/\\\/vetanco.com\\\/uy\\\/produto\\\/biotech-vac-salmonella\\\/#primaryimage\"},\"image\":{\"@id\":\"https:\\\/\\\/vetanco.com\\\/uy\\\/produto\\\/biotech-vac-salmonella\\\/#primaryimage\"},\"thumbnailUrl\":\"https:\\\/\\\/vetanco.com\\\/uy\\\/wp-content\\\/uploads\\\/2024\\\/10\\\/Biotech-Vac-Salmonella.png\",\"datePublished\":\"2024-11-07T17:59:42+00:00\",\"dateModified\":\"2025-02-05T17:26:13+00:00\",\"description\":\"Se trata de la vacuna inactivada a subunidad, de administraci\u00f3n oral, que provee protecci\u00f3n contra serotipos de Salmonella.\",\"breadcrumb\":{\"@id\":\"https:\\\/\\\/vetanco.com\\\/uy\\\/produto\\\/biotech-vac-salmonella\\\/#breadcrumb\"},\"inLanguage\":\"es\",\"potentialAction\":[{\"@type\":\"ReadAction\",\"target\":[\"https:\\\/\\\/vetanco.com\\\/uy\\\/produto\\\/biotech-vac-salmonella\\\/\"]}]},{\"@type\":\"ImageObject\",\"inLanguage\":\"es\",\"@id\":\"https:\\\/\\\/vetanco.com\\\/uy\\\/produto\\\/biotech-vac-salmonella\\\/#primaryimage\",\"url\":\"https:\\\/\\\/vetanco.com\\\/uy\\\/wp-content\\\/uploads\\\/2024\\\/10\\\/Biotech-Vac-Salmonella.png\",\"contentUrl\":\"https:\\\/\\\/vetanco.com\\\/uy\\\/wp-content\\\/uploads\\\/2024\\\/10\\\/Biotech-Vac-Salmonella.png\",\"width\":800,\"height\":800},{\"@type\":\"BreadcrumbList\",\"@id\":\"https:\\\/\\\/vetanco.com\\\/uy\\\/produto\\\/biotech-vac-salmonella\\\/#breadcrumb\",\"itemListElement\":[{\"@type\":\"ListItem\",\"position\":1,\"name\":\"In\u00edcio\",\"item\":\"https:\\\/\\\/vetanco.com\\\/uy\\\/\"},{\"@type\":\"ListItem\",\"position\":2,\"name\":\"Productos\",\"item\":\"https:\\\/\\\/vetanco.com\\\/uy\\\/productos\\\/\"},{\"@type\":\"ListItem\",\"position\":3,\"name\":\"BIOTECH VAC\u00ae SALMONELLA\"}]},{\"@type\":\"WebSite\",\"@id\":\"https:\\\/\\\/vetanco.com\\\/uy\\\/#website\",\"url\":\"https:\\\/\\\/vetanco.com\\\/uy\\\/\",\"name\":\"Vetanco Uruguay\",\"description\":\"Productos Seguros para Alimentos Seguros\",\"potentialAction\":[{\"@type\":\"SearchAction\",\"target\":{\"@type\":\"EntryPoint\",\"urlTemplate\":\"https:\\\/\\\/vetanco.com\\\/uy\\\/?s={search_term_string}\"},\"query-input\":{\"@type\":\"PropertyValueSpecification\",\"valueRequired\":true,\"valueName\":\"search_term_string\"}}],\"inLanguage\":\"es\"}]}<\/script>\n<!-- \/ Yoast SEO plugin. -->","yoast_head_json":{"title":"BIOTECH VAC\u00ae SALMONELLA - Vetanco Uruguay","description":"Se trata de la vacuna inactivada a subunidad, de administraci\u00f3n oral, que provee protecci\u00f3n contra serotipos de Salmonella.","robots":{"index":"index","follow":"follow","max-snippet":"max-snippet:-1","max-image-preview":"max-image-preview:large","max-video-preview":"max-video-preview:-1"},"canonical":"https:\/\/vetanco.com\/uy\/produto\/biotech-vac-salmonella\/","og_locale":"es_ES","og_type":"article","og_title":"BIOTECH VAC\u00ae SALMONELLA - Vetanco Uruguay","og_description":"Se trata de la vacuna inactivada a subunidad, de administraci\u00f3n oral, que provee protecci\u00f3n contra serotipos de Salmonella.","og_url":"https:\/\/vetanco.com\/uy\/produto\/biotech-vac-salmonella\/","og_site_name":"Vetanco Uruguay","article_modified_time":"2025-02-05T17:26:13+00:00","og_image":[{"width":800,"height":800,"url":"https:\/\/vetanco.com\/uy\/wp-content\/uploads\/2024\/10\/Biotech-Vac-Salmonella.png","type":"image\/png"}],"twitter_card":"summary_large_image","twitter_misc":{"Tiempo de lectura":"1 minuto"},"schema":{"@context":"https:\/\/schema.org","@graph":[{"@type":"WebPage","@id":"https:\/\/vetanco.com\/uy\/produto\/biotech-vac-salmonella\/","url":"https:\/\/vetanco.com\/uy\/produto\/biotech-vac-salmonella\/","name":"BIOTECH VAC\u00ae SALMONELLA - Vetanco Uruguay","isPartOf":{"@id":"https:\/\/vetanco.com\/uy\/#website"},"primaryImageOfPage":{"@id":"https:\/\/vetanco.com\/uy\/produto\/biotech-vac-salmonella\/#primaryimage"},"image":{"@id":"https:\/\/vetanco.com\/uy\/produto\/biotech-vac-salmonella\/#primaryimage"},"thumbnailUrl":"https:\/\/vetanco.com\/uy\/wp-content\/uploads\/2024\/10\/Biotech-Vac-Salmonella.png","datePublished":"2024-11-07T17:59:42+00:00","dateModified":"2025-02-05T17:26:13+00:00","description":"Se trata de la vacuna inactivada a subunidad, de administraci\u00f3n oral, que provee protecci\u00f3n contra serotipos de Salmonella.","breadcrumb":{"@id":"https:\/\/vetanco.com\/uy\/produto\/biotech-vac-salmonella\/#breadcrumb"},"inLanguage":"es","potentialAction":[{"@type":"ReadAction","target":["https:\/\/vetanco.com\/uy\/produto\/biotech-vac-salmonella\/"]}]},{"@type":"ImageObject","inLanguage":"es","@id":"https:\/\/vetanco.com\/uy\/produto\/biotech-vac-salmonella\/#primaryimage","url":"https:\/\/vetanco.com\/uy\/wp-content\/uploads\/2024\/10\/Biotech-Vac-Salmonella.png","contentUrl":"https:\/\/vetanco.com\/uy\/wp-content\/uploads\/2024\/10\/Biotech-Vac-Salmonella.png","width":800,"height":800},{"@type":"BreadcrumbList","@id":"https:\/\/vetanco.com\/uy\/produto\/biotech-vac-salmonella\/#breadcrumb","itemListElement":[{"@type":"ListItem","position":1,"name":"In\u00edcio","item":"https:\/\/vetanco.com\/uy\/"},{"@type":"ListItem","position":2,"name":"Productos","item":"https:\/\/vetanco.com\/uy\/productos\/"},{"@type":"ListItem","position":3,"name":"BIOTECH VAC\u00ae SALMONELLA"}]},{"@type":"WebSite","@id":"https:\/\/vetanco.com\/uy\/#website","url":"https:\/\/vetanco.com\/uy\/","name":"Vetanco Uruguay","description":"Productos Seguros para Alimentos Seguros","potentialAction":[{"@type":"SearchAction","target":{"@type":"EntryPoint","urlTemplate":"https:\/\/vetanco.com\/uy\/?s={search_term_string}"},"query-input":{"@type":"PropertyValueSpecification","valueRequired":true,"valueName":"search_term_string"}}],"inLanguage":"es"}]}},"_links":{"self":[{"href":"https:\/\/vetanco.com\/uy\/wp-json\/wp\/v2\/product\/4665","targetHints":{"allow":["GET"]}}],"collection":[{"href":"https:\/\/vetanco.com\/uy\/wp-json\/wp\/v2\/product"}],"about":[{"href":"https:\/\/vetanco.com\/uy\/wp-json\/wp\/v2\/types\/product"}],"replies":[{"embeddable":true,"href":"https:\/\/vetanco.com\/uy\/wp-json\/wp\/v2\/comments?post=4665"}],"wp:featuredmedia":[{"embeddable":true,"href":"https:\/\/vetanco.com\/uy\/wp-json\/wp\/v2\/media\/5960"}],"wp:attachment":[{"href":"https:\/\/vetanco.com\/uy\/wp-json\/wp\/v2\/media?parent=4665"}],"wp:term":[{"taxonomy":"product_brand","embeddable":true,"href":"https:\/\/vetanco.com\/uy\/wp-json\/wp\/v2\/product_brand?post=4665"},{"taxonomy":"product_cat","embeddable":true,"href":"https:\/\/vetanco.com\/uy\/wp-json\/wp\/v2\/product_cat?post=4665"},{"taxonomy":"product_tag","embeddable":true,"href":"https:\/\/vetanco.com\/uy\/wp-json\/wp\/v2\/product_tag?post=4665"}],"curies":[{"name":"wp","href":"https:\/\/api.w.org\/{rel}","templated":true}]}}