{"id":4678,"date":"2024-11-07T16:44:40","date_gmt":"2024-11-07T19:44:40","guid":{"rendered":"https:\/\/vetanco.tech\/uy\/?post_type=product&#038;p=4678"},"modified":"2025-02-07T10:54:43","modified_gmt":"2025-02-07T13:54:43","slug":"ambiflud-benzuron-fg-80","status":"publish","type":"product","link":"https:\/\/vetanco.com\/uy\/produto\/ambiflud-benzuron-fg-80\/","title":{"rendered":"AMBIFLUD<sup>\u00ae<\/sup> BENZURON FG 80"},"content":{"rendered":"<p><span style=\"color: #00397f;\"><strong>COMPOSICI\u00d3N<\/strong><\/span><\/p>\n<p>Diflubenzuron 8%.<\/p>\n<p>&nbsp;<\/p>\n<p><span style=\"color: #00397f;\"><strong>DOSIS<\/strong><\/span><\/p>\n<p>En bovinos 0,1 mg\/kg p.v. y en porcinos 500 g a 1 kg de producto \/ ton de alimento.<\/p>\n<p>&nbsp;<\/p>\n<p><span style=\"color: #00397f;\"><strong>PRESENTACIONES<\/strong><\/span><\/p>\n<p>1 kg y 5 kg.<\/p>\n","protected":false},"excerpt":{"rendered":"<p><img loading=\"lazy\" decoding=\"async\" class=\"alignnone size-full wp-image-4594\" src=\"https:\/\/vetanco.com\/uy\/wp-content\/uploads\/2024\/11\/Picto-Bovinos.png\" alt=\"\" width=\"75\" height=\"63\" \/> <img loading=\"lazy\" decoding=\"async\" class=\"alignnone size-full wp-image-4595\" src=\"https:\/\/vetanco.com\/uy\/wp-content\/uploads\/2024\/11\/Picto-Cerdos.png\" alt=\"\" width=\"75\" height=\"63\" \/><\/p>\n<p>Indicado para controlar la infestaci\u00f3n por moscas (musca domestica) afectando a huevos y larvas. Su formulaci\u00f3n granulada permite un mejor mezclado dentro del alimento balanceado y evita la generaci\u00f3n de polvo durante el proceso. Se indica su uso en la cr\u00eda intensiva de bovinos y porcinos.<\/p>\n","protected":false},"featured_media":6082,"comment_status":"open","ping_status":"closed","template":"","meta":[],"product_brand":[],"product_cat":[183],"product_tag":[],"class_list":{"0":"post-4678","1":"product","2":"type-product","3":"status-publish","4":"has-post-thumbnail","6":"product_cat-ambiental","8":"first","9":"instock","10":"shipping-taxable","11":"product-type-simple"},"yoast_head":"<!-- This site is optimized with the Yoast SEO plugin v27.3 - https:\/\/yoast.com\/product\/yoast-seo-wordpress\/ -->\n<title>AMBIFLUD\u00ae BENZURON FG 80 - Vetanco Uruguay<\/title>\n<meta name=\"description\" content=\"Producto de la l\u00ednea Vetanco indicado para controlar la infestaci\u00f3n por moscas (musca domestica) afectando a huevos y larvas.\" \/>\n<meta name=\"robots\" content=\"index, follow, max-snippet:-1, max-image-preview:large, max-video-preview:-1\" \/>\n<link rel=\"canonical\" href=\"https:\/\/vetanco.com\/uy\/produto\/ambiflud-benzuron-fg-80\/\" \/>\n<meta property=\"og:locale\" content=\"es_ES\" \/>\n<meta property=\"og:type\" content=\"article\" \/>\n<meta property=\"og:title\" content=\"AMBIFLUD\u00ae BENZURON FG 80 - Vetanco Uruguay\" \/>\n<meta property=\"og:description\" content=\"Producto de la l\u00ednea Vetanco indicado para controlar la infestaci\u00f3n por moscas (musca domestica) afectando a huevos y larvas.\" \/>\n<meta property=\"og:url\" content=\"https:\/\/vetanco.com\/uy\/produto\/ambiflud-benzuron-fg-80\/\" \/>\n<meta property=\"og:site_name\" content=\"Vetanco Uruguay\" \/>\n<meta property=\"article:modified_time\" content=\"2025-02-07T13:54:43+00:00\" \/>\n<meta property=\"og:image\" content=\"https:\/\/vetanco.com\/uy\/wp-content\/uploads\/2024\/11\/Ambiflud-Benzuron-FG-80-2.png\" \/>\n\t<meta property=\"og:image:width\" content=\"800\" \/>\n\t<meta property=\"og:image:height\" content=\"800\" \/>\n\t<meta property=\"og:image:type\" content=\"image\/png\" \/>\n<meta name=\"twitter:card\" content=\"summary_large_image\" \/>\n<meta name=\"twitter:label1\" content=\"Tiempo de lectura\" \/>\n\t<meta name=\"twitter:data1\" content=\"1 minuto\" \/>\n<script type=\"application\/ld+json\" class=\"yoast-schema-graph\">{\"@context\":\"https:\\\/\\\/schema.org\",\"@graph\":[{\"@type\":\"WebPage\",\"@id\":\"https:\\\/\\\/vetanco.com\\\/uy\\\/produto\\\/ambiflud-benzuron-fg-80\\\/\",\"url\":\"https:\\\/\\\/vetanco.com\\\/uy\\\/produto\\\/ambiflud-benzuron-fg-80\\\/\",\"name\":\"AMBIFLUD\u00ae BENZURON FG 80 - Vetanco Uruguay\",\"isPartOf\":{\"@id\":\"https:\\\/\\\/vetanco.com\\\/uy\\\/#website\"},\"primaryImageOfPage\":{\"@id\":\"https:\\\/\\\/vetanco.com\\\/uy\\\/produto\\\/ambiflud-benzuron-fg-80\\\/#primaryimage\"},\"image\":{\"@id\":\"https:\\\/\\\/vetanco.com\\\/uy\\\/produto\\\/ambiflud-benzuron-fg-80\\\/#primaryimage\"},\"thumbnailUrl\":\"https:\\\/\\\/vetanco.com\\\/uy\\\/wp-content\\\/uploads\\\/2024\\\/11\\\/Ambiflud-Benzuron-FG-80-2.png\",\"datePublished\":\"2024-11-07T19:44:40+00:00\",\"dateModified\":\"2025-02-07T13:54:43+00:00\",\"description\":\"Producto de la l\u00ednea Vetanco indicado para controlar la infestaci\u00f3n por moscas (musca domestica) afectando a huevos y larvas.\",\"breadcrumb\":{\"@id\":\"https:\\\/\\\/vetanco.com\\\/uy\\\/produto\\\/ambiflud-benzuron-fg-80\\\/#breadcrumb\"},\"inLanguage\":\"es\",\"potentialAction\":[{\"@type\":\"ReadAction\",\"target\":[\"https:\\\/\\\/vetanco.com\\\/uy\\\/produto\\\/ambiflud-benzuron-fg-80\\\/\"]}]},{\"@type\":\"ImageObject\",\"inLanguage\":\"es\",\"@id\":\"https:\\\/\\\/vetanco.com\\\/uy\\\/produto\\\/ambiflud-benzuron-fg-80\\\/#primaryimage\",\"url\":\"https:\\\/\\\/vetanco.com\\\/uy\\\/wp-content\\\/uploads\\\/2024\\\/11\\\/Ambiflud-Benzuron-FG-80-2.png\",\"contentUrl\":\"https:\\\/\\\/vetanco.com\\\/uy\\\/wp-content\\\/uploads\\\/2024\\\/11\\\/Ambiflud-Benzuron-FG-80-2.png\",\"width\":800,\"height\":800},{\"@type\":\"BreadcrumbList\",\"@id\":\"https:\\\/\\\/vetanco.com\\\/uy\\\/produto\\\/ambiflud-benzuron-fg-80\\\/#breadcrumb\",\"itemListElement\":[{\"@type\":\"ListItem\",\"position\":1,\"name\":\"In\u00edcio\",\"item\":\"https:\\\/\\\/vetanco.com\\\/uy\\\/\"},{\"@type\":\"ListItem\",\"position\":2,\"name\":\"Productos\",\"item\":\"https:\\\/\\\/vetanco.com\\\/uy\\\/productos\\\/\"},{\"@type\":\"ListItem\",\"position\":3,\"name\":\"AMBIFLUD\u00ae BENZURON FG 80\"}]},{\"@type\":\"WebSite\",\"@id\":\"https:\\\/\\\/vetanco.com\\\/uy\\\/#website\",\"url\":\"https:\\\/\\\/vetanco.com\\\/uy\\\/\",\"name\":\"Vetanco Uruguay\",\"description\":\"Productos Seguros para Alimentos Seguros\",\"potentialAction\":[{\"@type\":\"SearchAction\",\"target\":{\"@type\":\"EntryPoint\",\"urlTemplate\":\"https:\\\/\\\/vetanco.com\\\/uy\\\/?s={search_term_string}\"},\"query-input\":{\"@type\":\"PropertyValueSpecification\",\"valueRequired\":true,\"valueName\":\"search_term_string\"}}],\"inLanguage\":\"es\"}]}<\/script>\n<!-- \/ Yoast SEO plugin. -->","yoast_head_json":{"title":"AMBIFLUD\u00ae BENZURON FG 80 - Vetanco Uruguay","description":"Producto de la l\u00ednea Vetanco indicado para controlar la infestaci\u00f3n por moscas (musca domestica) afectando a huevos y larvas.","robots":{"index":"index","follow":"follow","max-snippet":"max-snippet:-1","max-image-preview":"max-image-preview:large","max-video-preview":"max-video-preview:-1"},"canonical":"https:\/\/vetanco.com\/uy\/produto\/ambiflud-benzuron-fg-80\/","og_locale":"es_ES","og_type":"article","og_title":"AMBIFLUD\u00ae BENZURON FG 80 - Vetanco Uruguay","og_description":"Producto de la l\u00ednea Vetanco indicado para controlar la infestaci\u00f3n por moscas (musca domestica) afectando a huevos y larvas.","og_url":"https:\/\/vetanco.com\/uy\/produto\/ambiflud-benzuron-fg-80\/","og_site_name":"Vetanco Uruguay","article_modified_time":"2025-02-07T13:54:43+00:00","og_image":[{"width":800,"height":800,"url":"https:\/\/vetanco.com\/uy\/wp-content\/uploads\/2024\/11\/Ambiflud-Benzuron-FG-80-2.png","type":"image\/png"}],"twitter_card":"summary_large_image","twitter_misc":{"Tiempo de lectura":"1 minuto"},"schema":{"@context":"https:\/\/schema.org","@graph":[{"@type":"WebPage","@id":"https:\/\/vetanco.com\/uy\/produto\/ambiflud-benzuron-fg-80\/","url":"https:\/\/vetanco.com\/uy\/produto\/ambiflud-benzuron-fg-80\/","name":"AMBIFLUD\u00ae BENZURON FG 80 - Vetanco Uruguay","isPartOf":{"@id":"https:\/\/vetanco.com\/uy\/#website"},"primaryImageOfPage":{"@id":"https:\/\/vetanco.com\/uy\/produto\/ambiflud-benzuron-fg-80\/#primaryimage"},"image":{"@id":"https:\/\/vetanco.com\/uy\/produto\/ambiflud-benzuron-fg-80\/#primaryimage"},"thumbnailUrl":"https:\/\/vetanco.com\/uy\/wp-content\/uploads\/2024\/11\/Ambiflud-Benzuron-FG-80-2.png","datePublished":"2024-11-07T19:44:40+00:00","dateModified":"2025-02-07T13:54:43+00:00","description":"Producto de la l\u00ednea Vetanco indicado para controlar la infestaci\u00f3n por moscas (musca domestica) afectando a huevos y larvas.","breadcrumb":{"@id":"https:\/\/vetanco.com\/uy\/produto\/ambiflud-benzuron-fg-80\/#breadcrumb"},"inLanguage":"es","potentialAction":[{"@type":"ReadAction","target":["https:\/\/vetanco.com\/uy\/produto\/ambiflud-benzuron-fg-80\/"]}]},{"@type":"ImageObject","inLanguage":"es","@id":"https:\/\/vetanco.com\/uy\/produto\/ambiflud-benzuron-fg-80\/#primaryimage","url":"https:\/\/vetanco.com\/uy\/wp-content\/uploads\/2024\/11\/Ambiflud-Benzuron-FG-80-2.png","contentUrl":"https:\/\/vetanco.com\/uy\/wp-content\/uploads\/2024\/11\/Ambiflud-Benzuron-FG-80-2.png","width":800,"height":800},{"@type":"BreadcrumbList","@id":"https:\/\/vetanco.com\/uy\/produto\/ambiflud-benzuron-fg-80\/#breadcrumb","itemListElement":[{"@type":"ListItem","position":1,"name":"In\u00edcio","item":"https:\/\/vetanco.com\/uy\/"},{"@type":"ListItem","position":2,"name":"Productos","item":"https:\/\/vetanco.com\/uy\/productos\/"},{"@type":"ListItem","position":3,"name":"AMBIFLUD\u00ae BENZURON FG 80"}]},{"@type":"WebSite","@id":"https:\/\/vetanco.com\/uy\/#website","url":"https:\/\/vetanco.com\/uy\/","name":"Vetanco Uruguay","description":"Productos Seguros para Alimentos Seguros","potentialAction":[{"@type":"SearchAction","target":{"@type":"EntryPoint","urlTemplate":"https:\/\/vetanco.com\/uy\/?s={search_term_string}"},"query-input":{"@type":"PropertyValueSpecification","valueRequired":true,"valueName":"search_term_string"}}],"inLanguage":"es"}]}},"_links":{"self":[{"href":"https:\/\/vetanco.com\/uy\/wp-json\/wp\/v2\/product\/4678","targetHints":{"allow":["GET"]}}],"collection":[{"href":"https:\/\/vetanco.com\/uy\/wp-json\/wp\/v2\/product"}],"about":[{"href":"https:\/\/vetanco.com\/uy\/wp-json\/wp\/v2\/types\/product"}],"replies":[{"embeddable":true,"href":"https:\/\/vetanco.com\/uy\/wp-json\/wp\/v2\/comments?post=4678"}],"wp:featuredmedia":[{"embeddable":true,"href":"https:\/\/vetanco.com\/uy\/wp-json\/wp\/v2\/media\/6082"}],"wp:attachment":[{"href":"https:\/\/vetanco.com\/uy\/wp-json\/wp\/v2\/media?parent=4678"}],"wp:term":[{"taxonomy":"product_brand","embeddable":true,"href":"https:\/\/vetanco.com\/uy\/wp-json\/wp\/v2\/product_brand?post=4678"},{"taxonomy":"product_cat","embeddable":true,"href":"https:\/\/vetanco.com\/uy\/wp-json\/wp\/v2\/product_cat?post=4678"},{"taxonomy":"product_tag","embeddable":true,"href":"https:\/\/vetanco.com\/uy\/wp-json\/wp\/v2\/product_tag?post=4678"}],"curies":[{"name":"wp","href":"https:\/\/api.w.org\/{rel}","templated":true}]}}