{"id":4704,"date":"2024-11-08T09:17:49","date_gmt":"2024-11-08T12:17:49","guid":{"rendered":"https:\/\/vetanco.tech\/uy\/?post_type=product&#038;p=4704"},"modified":"2025-02-07T14:00:27","modified_gmt":"2025-02-07T17:00:27","slug":"vetancid-polvo-potenciado","status":"publish","type":"product","link":"https:\/\/vetanco.com\/uy\/produto\/vetancid-polvo-potenciado\/","title":{"rendered":"VETANCID<sup>\u00ae<\/sup> POLVO POTENCIADO"},"content":{"rendered":"<p><span style=\"color: #00397f;\"><strong>COMPOSICI\u00d3N<\/strong><\/span><\/p>\n<p>Cipermetrina 5%, Imidacloprid 3 %.<\/p>\n<p>&nbsp;<\/p>\n<p><span style=\"color: #00397f;\"><strong>DOSIS<\/strong><\/span><\/p>\n<p>Espolvorer el producto sobre la cama o piso del habit\u00e1culo y sus paredes a raz\u00f3n de 3 a 5 kg de producto cada 1000 m2 de superficie a tratar. Realizar el tratamiento preferentemente 1 a 3 d\u00edas antes del ingreso de las aves.<\/p>\n<p>&nbsp;<\/p>\n<p><span style=\"color: #00397f;\"><strong>PRESENTACI\u00d3N<\/strong><\/span><\/p>\n<p>5 y 20 kg.<\/p>\n","protected":false},"excerpt":{"rendered":"<p><img loading=\"lazy\" decoding=\"async\" class=\"alignnone size-full wp-image-4690\" src=\"https:\/\/vetanco.com\/uy\/wp-content\/uploads\/2024\/11\/Picto-Aves-2.png\" alt=\"\" width=\"75\" height=\"63\" \/> <img loading=\"lazy\" decoding=\"async\" class=\"alignnone size-full wp-image-4694\" src=\"https:\/\/vetanco.com\/uy\/wp-content\/uploads\/2024\/11\/Picto-Ambiental.png\" alt=\"\" width=\"75\" height=\"63\" \/><\/p>\n<p>Vetancid Polvo Potenciado es un insecticida y repelente de insectos para uso en instalaciones de cr\u00eda de aves para el control de cole\u00f3pteros (cascarudos) de las especies<em> Alphitobius spp<\/em> y otros insectos, tanto en sus estad\u00edos adultos como larvarios.<\/p>\n","protected":false},"featured_media":6098,"comment_status":"open","ping_status":"closed","template":"","meta":[],"product_brand":[],"product_cat":[183],"product_tag":[],"class_list":{"0":"post-4704","1":"product","2":"type-product","3":"status-publish","4":"has-post-thumbnail","6":"product_cat-ambiental","8":"first","9":"instock","10":"shipping-taxable","11":"product-type-simple"},"yoast_head":"<!-- This site is optimized with the Yoast SEO plugin v27.3 - https:\/\/yoast.com\/product\/yoast-seo-wordpress\/ -->\n<title>VETANCID\u00ae POLVO POTENCIADO - Vetanco Uruguay<\/title>\n<meta name=\"description\" content=\"Vetancid Polvo Potenciado es un insecticida y repelente de insectos para uso en instalaciones de cr\u00eda de aves para el control de cole\u00f3pteros.\" \/>\n<meta name=\"robots\" content=\"index, follow, max-snippet:-1, max-image-preview:large, max-video-preview:-1\" \/>\n<link rel=\"canonical\" href=\"https:\/\/vetanco.com\/uy\/produto\/vetancid-polvo-potenciado\/\" \/>\n<meta property=\"og:locale\" content=\"es_ES\" \/>\n<meta property=\"og:type\" content=\"article\" \/>\n<meta property=\"og:title\" content=\"VETANCID\u00ae POLVO POTENCIADO - Vetanco Uruguay\" \/>\n<meta property=\"og:description\" content=\"Vetancid Polvo Potenciado es un insecticida y repelente de insectos para uso en instalaciones de cr\u00eda de aves para el control de cole\u00f3pteros.\" \/>\n<meta property=\"og:url\" content=\"https:\/\/vetanco.com\/uy\/produto\/vetancid-polvo-potenciado\/\" \/>\n<meta property=\"og:site_name\" content=\"Vetanco Uruguay\" \/>\n<meta property=\"article:modified_time\" content=\"2025-02-07T17:00:27+00:00\" \/>\n<meta property=\"og:image\" content=\"https:\/\/vetanco.com\/uy\/wp-content\/uploads\/2024\/10\/Vetancid-Polvo-Potenciado-2.png\" \/>\n\t<meta property=\"og:image:width\" content=\"800\" \/>\n\t<meta property=\"og:image:height\" content=\"800\" \/>\n\t<meta property=\"og:image:type\" content=\"image\/png\" \/>\n<meta name=\"twitter:card\" content=\"summary_large_image\" \/>\n<meta name=\"twitter:label1\" content=\"Tiempo de lectura\" \/>\n\t<meta name=\"twitter:data1\" content=\"1 minuto\" \/>\n<script type=\"application\/ld+json\" class=\"yoast-schema-graph\">{\"@context\":\"https:\\\/\\\/schema.org\",\"@graph\":[{\"@type\":\"WebPage\",\"@id\":\"https:\\\/\\\/vetanco.com\\\/uy\\\/produto\\\/vetancid-polvo-potenciado\\\/\",\"url\":\"https:\\\/\\\/vetanco.com\\\/uy\\\/produto\\\/vetancid-polvo-potenciado\\\/\",\"name\":\"VETANCID\u00ae POLVO POTENCIADO - Vetanco Uruguay\",\"isPartOf\":{\"@id\":\"https:\\\/\\\/vetanco.com\\\/uy\\\/#website\"},\"primaryImageOfPage\":{\"@id\":\"https:\\\/\\\/vetanco.com\\\/uy\\\/produto\\\/vetancid-polvo-potenciado\\\/#primaryimage\"},\"image\":{\"@id\":\"https:\\\/\\\/vetanco.com\\\/uy\\\/produto\\\/vetancid-polvo-potenciado\\\/#primaryimage\"},\"thumbnailUrl\":\"https:\\\/\\\/vetanco.com\\\/uy\\\/wp-content\\\/uploads\\\/2024\\\/10\\\/Vetancid-Polvo-Potenciado-2.png\",\"datePublished\":\"2024-11-08T12:17:49+00:00\",\"dateModified\":\"2025-02-07T17:00:27+00:00\",\"description\":\"Vetancid Polvo Potenciado es un insecticida y repelente de insectos para uso en instalaciones de cr\u00eda de aves para el control de cole\u00f3pteros.\",\"breadcrumb\":{\"@id\":\"https:\\\/\\\/vetanco.com\\\/uy\\\/produto\\\/vetancid-polvo-potenciado\\\/#breadcrumb\"},\"inLanguage\":\"es\",\"potentialAction\":[{\"@type\":\"ReadAction\",\"target\":[\"https:\\\/\\\/vetanco.com\\\/uy\\\/produto\\\/vetancid-polvo-potenciado\\\/\"]}]},{\"@type\":\"ImageObject\",\"inLanguage\":\"es\",\"@id\":\"https:\\\/\\\/vetanco.com\\\/uy\\\/produto\\\/vetancid-polvo-potenciado\\\/#primaryimage\",\"url\":\"https:\\\/\\\/vetanco.com\\\/uy\\\/wp-content\\\/uploads\\\/2024\\\/10\\\/Vetancid-Polvo-Potenciado-2.png\",\"contentUrl\":\"https:\\\/\\\/vetanco.com\\\/uy\\\/wp-content\\\/uploads\\\/2024\\\/10\\\/Vetancid-Polvo-Potenciado-2.png\",\"width\":800,\"height\":800},{\"@type\":\"BreadcrumbList\",\"@id\":\"https:\\\/\\\/vetanco.com\\\/uy\\\/produto\\\/vetancid-polvo-potenciado\\\/#breadcrumb\",\"itemListElement\":[{\"@type\":\"ListItem\",\"position\":1,\"name\":\"In\u00edcio\",\"item\":\"https:\\\/\\\/vetanco.com\\\/uy\\\/\"},{\"@type\":\"ListItem\",\"position\":2,\"name\":\"Productos\",\"item\":\"https:\\\/\\\/vetanco.com\\\/uy\\\/productos\\\/\"},{\"@type\":\"ListItem\",\"position\":3,\"name\":\"VETANCID\u00ae POLVO POTENCIADO\"}]},{\"@type\":\"WebSite\",\"@id\":\"https:\\\/\\\/vetanco.com\\\/uy\\\/#website\",\"url\":\"https:\\\/\\\/vetanco.com\\\/uy\\\/\",\"name\":\"Vetanco Uruguay\",\"description\":\"Productos Seguros para Alimentos Seguros\",\"potentialAction\":[{\"@type\":\"SearchAction\",\"target\":{\"@type\":\"EntryPoint\",\"urlTemplate\":\"https:\\\/\\\/vetanco.com\\\/uy\\\/?s={search_term_string}\"},\"query-input\":{\"@type\":\"PropertyValueSpecification\",\"valueRequired\":true,\"valueName\":\"search_term_string\"}}],\"inLanguage\":\"es\"}]}<\/script>\n<!-- \/ Yoast SEO plugin. -->","yoast_head_json":{"title":"VETANCID\u00ae POLVO POTENCIADO - Vetanco Uruguay","description":"Vetancid Polvo Potenciado es un insecticida y repelente de insectos para uso en instalaciones de cr\u00eda de aves para el control de cole\u00f3pteros.","robots":{"index":"index","follow":"follow","max-snippet":"max-snippet:-1","max-image-preview":"max-image-preview:large","max-video-preview":"max-video-preview:-1"},"canonical":"https:\/\/vetanco.com\/uy\/produto\/vetancid-polvo-potenciado\/","og_locale":"es_ES","og_type":"article","og_title":"VETANCID\u00ae POLVO POTENCIADO - Vetanco Uruguay","og_description":"Vetancid Polvo Potenciado es un insecticida y repelente de insectos para uso en instalaciones de cr\u00eda de aves para el control de cole\u00f3pteros.","og_url":"https:\/\/vetanco.com\/uy\/produto\/vetancid-polvo-potenciado\/","og_site_name":"Vetanco Uruguay","article_modified_time":"2025-02-07T17:00:27+00:00","og_image":[{"width":800,"height":800,"url":"https:\/\/vetanco.com\/uy\/wp-content\/uploads\/2024\/10\/Vetancid-Polvo-Potenciado-2.png","type":"image\/png"}],"twitter_card":"summary_large_image","twitter_misc":{"Tiempo de lectura":"1 minuto"},"schema":{"@context":"https:\/\/schema.org","@graph":[{"@type":"WebPage","@id":"https:\/\/vetanco.com\/uy\/produto\/vetancid-polvo-potenciado\/","url":"https:\/\/vetanco.com\/uy\/produto\/vetancid-polvo-potenciado\/","name":"VETANCID\u00ae POLVO POTENCIADO - Vetanco Uruguay","isPartOf":{"@id":"https:\/\/vetanco.com\/uy\/#website"},"primaryImageOfPage":{"@id":"https:\/\/vetanco.com\/uy\/produto\/vetancid-polvo-potenciado\/#primaryimage"},"image":{"@id":"https:\/\/vetanco.com\/uy\/produto\/vetancid-polvo-potenciado\/#primaryimage"},"thumbnailUrl":"https:\/\/vetanco.com\/uy\/wp-content\/uploads\/2024\/10\/Vetancid-Polvo-Potenciado-2.png","datePublished":"2024-11-08T12:17:49+00:00","dateModified":"2025-02-07T17:00:27+00:00","description":"Vetancid Polvo Potenciado es un insecticida y repelente de insectos para uso en instalaciones de cr\u00eda de aves para el control de cole\u00f3pteros.","breadcrumb":{"@id":"https:\/\/vetanco.com\/uy\/produto\/vetancid-polvo-potenciado\/#breadcrumb"},"inLanguage":"es","potentialAction":[{"@type":"ReadAction","target":["https:\/\/vetanco.com\/uy\/produto\/vetancid-polvo-potenciado\/"]}]},{"@type":"ImageObject","inLanguage":"es","@id":"https:\/\/vetanco.com\/uy\/produto\/vetancid-polvo-potenciado\/#primaryimage","url":"https:\/\/vetanco.com\/uy\/wp-content\/uploads\/2024\/10\/Vetancid-Polvo-Potenciado-2.png","contentUrl":"https:\/\/vetanco.com\/uy\/wp-content\/uploads\/2024\/10\/Vetancid-Polvo-Potenciado-2.png","width":800,"height":800},{"@type":"BreadcrumbList","@id":"https:\/\/vetanco.com\/uy\/produto\/vetancid-polvo-potenciado\/#breadcrumb","itemListElement":[{"@type":"ListItem","position":1,"name":"In\u00edcio","item":"https:\/\/vetanco.com\/uy\/"},{"@type":"ListItem","position":2,"name":"Productos","item":"https:\/\/vetanco.com\/uy\/productos\/"},{"@type":"ListItem","position":3,"name":"VETANCID\u00ae POLVO POTENCIADO"}]},{"@type":"WebSite","@id":"https:\/\/vetanco.com\/uy\/#website","url":"https:\/\/vetanco.com\/uy\/","name":"Vetanco Uruguay","description":"Productos Seguros para Alimentos Seguros","potentialAction":[{"@type":"SearchAction","target":{"@type":"EntryPoint","urlTemplate":"https:\/\/vetanco.com\/uy\/?s={search_term_string}"},"query-input":{"@type":"PropertyValueSpecification","valueRequired":true,"valueName":"search_term_string"}}],"inLanguage":"es"}]}},"_links":{"self":[{"href":"https:\/\/vetanco.com\/uy\/wp-json\/wp\/v2\/product\/4704","targetHints":{"allow":["GET"]}}],"collection":[{"href":"https:\/\/vetanco.com\/uy\/wp-json\/wp\/v2\/product"}],"about":[{"href":"https:\/\/vetanco.com\/uy\/wp-json\/wp\/v2\/types\/product"}],"replies":[{"embeddable":true,"href":"https:\/\/vetanco.com\/uy\/wp-json\/wp\/v2\/comments?post=4704"}],"wp:featuredmedia":[{"embeddable":true,"href":"https:\/\/vetanco.com\/uy\/wp-json\/wp\/v2\/media\/6098"}],"wp:attachment":[{"href":"https:\/\/vetanco.com\/uy\/wp-json\/wp\/v2\/media?parent=4704"}],"wp:term":[{"taxonomy":"product_brand","embeddable":true,"href":"https:\/\/vetanco.com\/uy\/wp-json\/wp\/v2\/product_brand?post=4704"},{"taxonomy":"product_cat","embeddable":true,"href":"https:\/\/vetanco.com\/uy\/wp-json\/wp\/v2\/product_cat?post=4704"},{"taxonomy":"product_tag","embeddable":true,"href":"https:\/\/vetanco.com\/uy\/wp-json\/wp\/v2\/product_tag?post=4704"}],"curies":[{"name":"wp","href":"https:\/\/api.w.org\/{rel}","templated":true}]}}