{"id":4706,"date":"2024-11-08T09:34:13","date_gmt":"2024-11-08T12:34:13","guid":{"rendered":"https:\/\/vetanco.tech\/uy\/?post_type=product&#038;p=4706"},"modified":"2025-02-05T16:32:32","modified_gmt":"2025-02-05T19:32:32","slug":"zix-virox","status":"publish","type":"product","link":"https:\/\/vetanco.com\/uy\/produto\/zix-virox\/","title":{"rendered":"ZIX<sup>\u00ae<\/sup> VIROX"},"content":{"rendered":"<p><span style=\"color: #00397f;\"><strong>COMPOSICI\u00d3N<\/strong><\/span><\/p>\n<p>Per\u00f3xido de hidr\u00f3geno 25 %, \u00e1cido perac\u00e9tico 5 %.<\/p>\n<p>&nbsp;<\/p>\n<p><span style=\"color: #00397f;\"><strong>DOSIS<\/strong><\/span><\/p>\n<p>Aplicaci\u00f3n directa con spray de mochila o autom\u00e1tico, nebulizadores, termonebulizador, pediluvios:<br \/>\n\u2022 Desinfecci\u00f3n del aire mediante spray o nebulizaci\u00f3n en continuo&#8230;&#8230;&#8230;&#8230;&#8230;&#8230;&#8230;&#8230;&#8230;&#8230;&#8230;&#8230;&#8230;&#8230;&#8230;&#8230;&#8230;&#8230;&#8230;&#8230;&#8230;&#8230;&#8230;&#8230;&#8230;&#8230;&#8230;&#8230;&#8230;&#8230;0,5 %<br \/>\n\u2022 Desinfecci\u00f3n de arcos de desinfecci\u00f3n&#8230;&#8230;&#8230;&#8230;&#8230;&#8230;&#8230;&#8230;&#8230;0,5 %<br \/>\n\u2022 Desinfecci\u00f3n preventiva&#8230;&#8230;&#8230;&#8230;&#8230;&#8230;&#8230;&#8230;&#8230;&#8230;&#8230;&#8230;&#8230;&#8230;&#8230;.0,3 &#8211; 0,5 %<br \/>\n\u2022 Desinfecci\u00f3n en riesgos especiales&#8230;&#8230;&#8230;&#8230;&#8230;&#8230;&#8230;&#8230;&#8230;.1 &#8211; 1,5 %<br \/>\n\u2022 Desinfecci\u00f3n de pediluvios (a\u00f1adir cada 1 o 2 d\u00edas)&#8230;1 &#8211; 1,5 %<br \/>\n\u2022 Desinfecci\u00f3n de coccidiosis&#8230;&#8230;&#8230;&#8230;&#8230;&#8230;&#8230;&#8230;&#8230;&#8230;&#8230;&#8230;&#8230;&#8230;&#8230;.2 &#8211; 5 %<\/p>\n<p>&nbsp;<\/p>\n<p><span style=\"color: #00397f;\"><strong>PRESENTACIONES<\/strong><\/span><\/p>\n<p>1, 5 y 1100 kg.<\/p>\n","protected":false},"excerpt":{"rendered":"<p><img loading=\"lazy\" decoding=\"async\" class=\"alignnone size-full wp-image-4594\" src=\"https:\/\/vetanco.com\/uy\/wp-content\/uploads\/2024\/11\/Picto-Bovinos.png\" alt=\"\" width=\"75\" height=\"63\" \/> <img loading=\"lazy\" decoding=\"async\" class=\"alignnone size-full wp-image-4595\" src=\"https:\/\/vetanco.com\/uy\/wp-content\/uploads\/2024\/11\/Picto-Cerdos.png\" alt=\"\" width=\"75\" height=\"63\" \/> <img loading=\"lazy\" decoding=\"async\" class=\"alignnone size-full wp-image-4658\" src=\"https:\/\/vetanco.com\/uy\/wp-content\/uploads\/2024\/11\/Picto-Caballo.png\" alt=\"\" width=\"75\" height=\"63\" \/> <img loading=\"lazy\" decoding=\"async\" class=\"alignnone size-full wp-image-4624\" src=\"https:\/\/vetanco.com\/uy\/wp-content\/uploads\/2024\/11\/Picto-pets.png\" alt=\"\" width=\"75\" height=\"63\" \/><\/p>\n<p>Desinfectante de amplio espectro.<\/p>\n<p>Bactericida, virucida, fungicida. Desinfectante de superficies y ambiental. Uso ganadero. Uso en <strong>todas las especies animales<\/strong>.<br \/>\n\u2022 Nacedoras.<br \/>\n\u2022 Limpia y elimina el biofilm.<br \/>\n\u2022 Incubadoras.<br \/>\n\u2022 Desinfecci\u00f3n de humidificadores, enfriadores,<br \/>\nevaporadores de granja.<br \/>\n\u2022 Desinfecci\u00f3n de materiales y desinfecci\u00f3n de dep\u00f3sitos,<br \/>\nsilos con posterior aclarado.<br \/>\n\u2022 Desinfecci\u00f3n de los veh\u00edculos de transporte.<\/p>\n","protected":false},"featured_media":6048,"comment_status":"open","ping_status":"closed","template":"","meta":[],"product_brand":[],"product_cat":[183],"product_tag":[],"class_list":{"0":"post-4706","1":"product","2":"type-product","3":"status-publish","4":"has-post-thumbnail","6":"product_cat-ambiental","8":"first","9":"instock","10":"shipping-taxable","11":"product-type-simple"},"yoast_head":"<!-- This site is optimized with the Yoast SEO plugin v27.3 - https:\/\/yoast.com\/product\/yoast-seo-wordpress\/ -->\n<title>ZIX\u00ae VIROX - Vetanco Uruguay<\/title>\n<meta name=\"description\" content=\"Producto de la l\u00ednea Zix que actua como desinfectante de amplio espectro, ambiental y de superficies. Tambi\u00e9n es bactericida, virucida, fungicida.\" \/>\n<meta name=\"robots\" content=\"index, follow, max-snippet:-1, max-image-preview:large, max-video-preview:-1\" \/>\n<link rel=\"canonical\" href=\"https:\/\/vetanco.com\/uy\/produto\/zix-virox\/\" \/>\n<meta property=\"og:locale\" content=\"es_ES\" \/>\n<meta property=\"og:type\" content=\"article\" \/>\n<meta property=\"og:title\" content=\"ZIX\u00ae VIROX - Vetanco Uruguay\" \/>\n<meta property=\"og:description\" content=\"Producto de la l\u00ednea Zix que actua como desinfectante de amplio espectro, ambiental y de superficies. Tambi\u00e9n es bactericida, virucida, fungicida.\" \/>\n<meta property=\"og:url\" content=\"https:\/\/vetanco.com\/uy\/produto\/zix-virox\/\" \/>\n<meta property=\"og:site_name\" content=\"Vetanco Uruguay\" \/>\n<meta property=\"article:modified_time\" content=\"2025-02-05T19:32:32+00:00\" \/>\n<meta property=\"og:image\" content=\"https:\/\/vetanco.com\/uy\/wp-content\/uploads\/2024\/11\/Zix-Virox-1.png\" \/>\n\t<meta property=\"og:image:width\" content=\"800\" \/>\n\t<meta property=\"og:image:height\" content=\"800\" \/>\n\t<meta property=\"og:image:type\" content=\"image\/png\" \/>\n<meta name=\"twitter:card\" content=\"summary_large_image\" \/>\n<meta name=\"twitter:label1\" content=\"Tiempo de lectura\" \/>\n\t<meta name=\"twitter:data1\" content=\"1 minuto\" \/>\n<script type=\"application\/ld+json\" class=\"yoast-schema-graph\">{\"@context\":\"https:\\\/\\\/schema.org\",\"@graph\":[{\"@type\":\"WebPage\",\"@id\":\"https:\\\/\\\/vetanco.com\\\/uy\\\/produto\\\/zix-virox\\\/\",\"url\":\"https:\\\/\\\/vetanco.com\\\/uy\\\/produto\\\/zix-virox\\\/\",\"name\":\"ZIX\u00ae VIROX - Vetanco Uruguay\",\"isPartOf\":{\"@id\":\"https:\\\/\\\/vetanco.com\\\/uy\\\/#website\"},\"primaryImageOfPage\":{\"@id\":\"https:\\\/\\\/vetanco.com\\\/uy\\\/produto\\\/zix-virox\\\/#primaryimage\"},\"image\":{\"@id\":\"https:\\\/\\\/vetanco.com\\\/uy\\\/produto\\\/zix-virox\\\/#primaryimage\"},\"thumbnailUrl\":\"https:\\\/\\\/vetanco.com\\\/uy\\\/wp-content\\\/uploads\\\/2024\\\/11\\\/Zix-Virox-1.png\",\"datePublished\":\"2024-11-08T12:34:13+00:00\",\"dateModified\":\"2025-02-05T19:32:32+00:00\",\"description\":\"Producto de la l\u00ednea Zix que actua como desinfectante de amplio espectro, ambiental y de superficies. Tambi\u00e9n es bactericida, virucida, fungicida.\",\"breadcrumb\":{\"@id\":\"https:\\\/\\\/vetanco.com\\\/uy\\\/produto\\\/zix-virox\\\/#breadcrumb\"},\"inLanguage\":\"es\",\"potentialAction\":[{\"@type\":\"ReadAction\",\"target\":[\"https:\\\/\\\/vetanco.com\\\/uy\\\/produto\\\/zix-virox\\\/\"]}]},{\"@type\":\"ImageObject\",\"inLanguage\":\"es\",\"@id\":\"https:\\\/\\\/vetanco.com\\\/uy\\\/produto\\\/zix-virox\\\/#primaryimage\",\"url\":\"https:\\\/\\\/vetanco.com\\\/uy\\\/wp-content\\\/uploads\\\/2024\\\/11\\\/Zix-Virox-1.png\",\"contentUrl\":\"https:\\\/\\\/vetanco.com\\\/uy\\\/wp-content\\\/uploads\\\/2024\\\/11\\\/Zix-Virox-1.png\",\"width\":800,\"height\":800},{\"@type\":\"BreadcrumbList\",\"@id\":\"https:\\\/\\\/vetanco.com\\\/uy\\\/produto\\\/zix-virox\\\/#breadcrumb\",\"itemListElement\":[{\"@type\":\"ListItem\",\"position\":1,\"name\":\"In\u00edcio\",\"item\":\"https:\\\/\\\/vetanco.com\\\/uy\\\/\"},{\"@type\":\"ListItem\",\"position\":2,\"name\":\"Productos\",\"item\":\"https:\\\/\\\/vetanco.com\\\/uy\\\/productos\\\/\"},{\"@type\":\"ListItem\",\"position\":3,\"name\":\"ZIX\u00ae VIROX\"}]},{\"@type\":\"WebSite\",\"@id\":\"https:\\\/\\\/vetanco.com\\\/uy\\\/#website\",\"url\":\"https:\\\/\\\/vetanco.com\\\/uy\\\/\",\"name\":\"Vetanco Uruguay\",\"description\":\"Productos Seguros para Alimentos Seguros\",\"potentialAction\":[{\"@type\":\"SearchAction\",\"target\":{\"@type\":\"EntryPoint\",\"urlTemplate\":\"https:\\\/\\\/vetanco.com\\\/uy\\\/?s={search_term_string}\"},\"query-input\":{\"@type\":\"PropertyValueSpecification\",\"valueRequired\":true,\"valueName\":\"search_term_string\"}}],\"inLanguage\":\"es\"}]}<\/script>\n<!-- \/ Yoast SEO plugin. -->","yoast_head_json":{"title":"ZIX\u00ae VIROX - Vetanco Uruguay","description":"Producto de la l\u00ednea Zix que actua como desinfectante de amplio espectro, ambiental y de superficies. Tambi\u00e9n es bactericida, virucida, fungicida.","robots":{"index":"index","follow":"follow","max-snippet":"max-snippet:-1","max-image-preview":"max-image-preview:large","max-video-preview":"max-video-preview:-1"},"canonical":"https:\/\/vetanco.com\/uy\/produto\/zix-virox\/","og_locale":"es_ES","og_type":"article","og_title":"ZIX\u00ae VIROX - Vetanco Uruguay","og_description":"Producto de la l\u00ednea Zix que actua como desinfectante de amplio espectro, ambiental y de superficies. Tambi\u00e9n es bactericida, virucida, fungicida.","og_url":"https:\/\/vetanco.com\/uy\/produto\/zix-virox\/","og_site_name":"Vetanco Uruguay","article_modified_time":"2025-02-05T19:32:32+00:00","og_image":[{"width":800,"height":800,"url":"https:\/\/vetanco.com\/uy\/wp-content\/uploads\/2024\/11\/Zix-Virox-1.png","type":"image\/png"}],"twitter_card":"summary_large_image","twitter_misc":{"Tiempo de lectura":"1 minuto"},"schema":{"@context":"https:\/\/schema.org","@graph":[{"@type":"WebPage","@id":"https:\/\/vetanco.com\/uy\/produto\/zix-virox\/","url":"https:\/\/vetanco.com\/uy\/produto\/zix-virox\/","name":"ZIX\u00ae VIROX - Vetanco Uruguay","isPartOf":{"@id":"https:\/\/vetanco.com\/uy\/#website"},"primaryImageOfPage":{"@id":"https:\/\/vetanco.com\/uy\/produto\/zix-virox\/#primaryimage"},"image":{"@id":"https:\/\/vetanco.com\/uy\/produto\/zix-virox\/#primaryimage"},"thumbnailUrl":"https:\/\/vetanco.com\/uy\/wp-content\/uploads\/2024\/11\/Zix-Virox-1.png","datePublished":"2024-11-08T12:34:13+00:00","dateModified":"2025-02-05T19:32:32+00:00","description":"Producto de la l\u00ednea Zix que actua como desinfectante de amplio espectro, ambiental y de superficies. Tambi\u00e9n es bactericida, virucida, fungicida.","breadcrumb":{"@id":"https:\/\/vetanco.com\/uy\/produto\/zix-virox\/#breadcrumb"},"inLanguage":"es","potentialAction":[{"@type":"ReadAction","target":["https:\/\/vetanco.com\/uy\/produto\/zix-virox\/"]}]},{"@type":"ImageObject","inLanguage":"es","@id":"https:\/\/vetanco.com\/uy\/produto\/zix-virox\/#primaryimage","url":"https:\/\/vetanco.com\/uy\/wp-content\/uploads\/2024\/11\/Zix-Virox-1.png","contentUrl":"https:\/\/vetanco.com\/uy\/wp-content\/uploads\/2024\/11\/Zix-Virox-1.png","width":800,"height":800},{"@type":"BreadcrumbList","@id":"https:\/\/vetanco.com\/uy\/produto\/zix-virox\/#breadcrumb","itemListElement":[{"@type":"ListItem","position":1,"name":"In\u00edcio","item":"https:\/\/vetanco.com\/uy\/"},{"@type":"ListItem","position":2,"name":"Productos","item":"https:\/\/vetanco.com\/uy\/productos\/"},{"@type":"ListItem","position":3,"name":"ZIX\u00ae VIROX"}]},{"@type":"WebSite","@id":"https:\/\/vetanco.com\/uy\/#website","url":"https:\/\/vetanco.com\/uy\/","name":"Vetanco Uruguay","description":"Productos Seguros para Alimentos Seguros","potentialAction":[{"@type":"SearchAction","target":{"@type":"EntryPoint","urlTemplate":"https:\/\/vetanco.com\/uy\/?s={search_term_string}"},"query-input":{"@type":"PropertyValueSpecification","valueRequired":true,"valueName":"search_term_string"}}],"inLanguage":"es"}]}},"_links":{"self":[{"href":"https:\/\/vetanco.com\/uy\/wp-json\/wp\/v2\/product\/4706","targetHints":{"allow":["GET"]}}],"collection":[{"href":"https:\/\/vetanco.com\/uy\/wp-json\/wp\/v2\/product"}],"about":[{"href":"https:\/\/vetanco.com\/uy\/wp-json\/wp\/v2\/types\/product"}],"replies":[{"embeddable":true,"href":"https:\/\/vetanco.com\/uy\/wp-json\/wp\/v2\/comments?post=4706"}],"wp:featuredmedia":[{"embeddable":true,"href":"https:\/\/vetanco.com\/uy\/wp-json\/wp\/v2\/media\/6048"}],"wp:attachment":[{"href":"https:\/\/vetanco.com\/uy\/wp-json\/wp\/v2\/media?parent=4706"}],"wp:term":[{"taxonomy":"product_brand","embeddable":true,"href":"https:\/\/vetanco.com\/uy\/wp-json\/wp\/v2\/product_brand?post=4706"},{"taxonomy":"product_cat","embeddable":true,"href":"https:\/\/vetanco.com\/uy\/wp-json\/wp\/v2\/product_cat?post=4706"},{"taxonomy":"product_tag","embeddable":true,"href":"https:\/\/vetanco.com\/uy\/wp-json\/wp\/v2\/product_tag?post=4706"}],"curies":[{"name":"wp","href":"https:\/\/api.w.org\/{rel}","templated":true}]}}