{"id":4838,"date":"2024-11-13T09:20:11","date_gmt":"2024-11-13T12:20:11","guid":{"rendered":"https:\/\/vetanco.tech\/uy\/?post_type=product&#038;p=4838"},"modified":"2025-01-24T12:02:55","modified_gmt":"2025-01-24T15:02:55","slug":"cevac-nd-ib-eds-k","status":"publish","type":"product","link":"https:\/\/vetanco.com\/uy\/produto\/cevac-nd-ib-eds-k\/","title":{"rendered":"CEVAC<sup>\u00ae<\/sup> ND IB EDS K"},"content":{"rendered":"<p><span style=\"color: #00397f;\"><strong>COMPOSICI\u00d3N<\/strong><\/span><\/p>\n<p>Vacuna inactivada, emulsionada en aceite.<\/p>\n<p>&nbsp;<\/p>\n<p><span style=\"color: #00397f;\"><strong>DOSIS<\/strong><\/span><\/p>\n<p>0.5 ml por ave. Puede administrarse por las siguientes v\u00edas:<br \/>\n\u2022 V\u00eda subcut\u00e1nea en la parte posterior del cuello, en el tercio medio entre la cabeza y el cuerpo, en direcci\u00f3n contraria a la cabeza. No inyectar en el m\u00fasculo o v\u00e9rtebras.<br \/>\n\u2022 V\u00eda intramuscular, en la pechuga o en la parte media del muslo.<\/p>\n<p>&nbsp;<\/p>\n<p><span style=\"color: #00397f;\"><strong>PRESENTACI\u00d3N<\/strong><\/span><\/p>\n<p><span style=\"color: #00397f;\">Viales<\/span> de 1.000 dosis. Cajas de 5 x 1000 dosis.<\/p>\n","protected":false},"excerpt":{"rendered":"<p><img loading=\"lazy\" decoding=\"async\" class=\"alignnone size-full wp-image-4638\" src=\"https:\/\/vetanco.com\/uy\/wp-content\/uploads\/2024\/11\/Picto-Aves-1.png\" alt=\"\" width=\"75\" height=\"63\" \/><\/p>\n<p>Se recomienda para la vacunaci\u00f3n de pollitas de reemplazo, reproductoras y gallinas de postura previamente inmunizadas contra la Bronquitis Infecciosa y la Enfermedad de Newcastle con una vacuna elaborada con virus activo.<\/p>\n","protected":false},"featured_media":5842,"comment_status":"open","ping_status":"closed","template":"","meta":[],"product_brand":[],"product_cat":[179],"product_tag":[],"class_list":{"0":"post-4838","1":"product","2":"type-product","3":"status-publish","4":"has-post-thumbnail","6":"product_cat-biologicos","8":"first","9":"instock","10":"shipping-taxable","11":"product-type-simple"},"yoast_head":"<!-- This site is optimized with the Yoast SEO plugin v27.3 - https:\/\/yoast.com\/product\/yoast-seo-wordpress\/ -->\n<title>CEVAC\u00ae ND IB EDS K - Vetanco Uruguay<\/title>\n<meta name=\"description\" content=\"Para la vacunaci\u00f3n de pollitas de reemplazo, reproductoras y gallinas de postura previamente inmunizadas contra la Bronquitis Infecciosa.\" \/>\n<meta name=\"robots\" content=\"index, follow, max-snippet:-1, max-image-preview:large, max-video-preview:-1\" \/>\n<link rel=\"canonical\" href=\"https:\/\/vetanco.com\/uy\/produto\/cevac-nd-ib-eds-k\/\" \/>\n<meta property=\"og:locale\" content=\"es_ES\" \/>\n<meta property=\"og:type\" content=\"article\" \/>\n<meta property=\"og:title\" content=\"CEVAC\u00ae ND IB EDS K - Vetanco Uruguay\" \/>\n<meta property=\"og:description\" content=\"Para la vacunaci\u00f3n de pollitas de reemplazo, reproductoras y gallinas de postura previamente inmunizadas contra la Bronquitis Infecciosa.\" \/>\n<meta property=\"og:url\" content=\"https:\/\/vetanco.com\/uy\/produto\/cevac-nd-ib-eds-k\/\" \/>\n<meta property=\"og:site_name\" content=\"Vetanco Uruguay\" \/>\n<meta property=\"article:modified_time\" content=\"2025-01-24T15:02:55+00:00\" \/>\n<meta property=\"og:image\" content=\"https:\/\/vetanco.com\/uy\/wp-content\/uploads\/2024\/11\/Captura-de-pantalla-2025-01-24-115120.png\" \/>\n\t<meta property=\"og:image:width\" content=\"281\" \/>\n\t<meta property=\"og:image:height\" content=\"330\" \/>\n\t<meta property=\"og:image:type\" content=\"image\/png\" \/>\n<meta name=\"twitter:card\" content=\"summary_large_image\" \/>\n<meta name=\"twitter:label1\" content=\"Tiempo de lectura\" \/>\n\t<meta name=\"twitter:data1\" content=\"1 minuto\" \/>\n<script type=\"application\/ld+json\" class=\"yoast-schema-graph\">{\"@context\":\"https:\\\/\\\/schema.org\",\"@graph\":[{\"@type\":\"WebPage\",\"@id\":\"https:\\\/\\\/vetanco.com\\\/uy\\\/produto\\\/cevac-nd-ib-eds-k\\\/\",\"url\":\"https:\\\/\\\/vetanco.com\\\/uy\\\/produto\\\/cevac-nd-ib-eds-k\\\/\",\"name\":\"CEVAC\u00ae ND IB EDS K - Vetanco Uruguay\",\"isPartOf\":{\"@id\":\"https:\\\/\\\/vetanco.com\\\/uy\\\/#website\"},\"primaryImageOfPage\":{\"@id\":\"https:\\\/\\\/vetanco.com\\\/uy\\\/produto\\\/cevac-nd-ib-eds-k\\\/#primaryimage\"},\"image\":{\"@id\":\"https:\\\/\\\/vetanco.com\\\/uy\\\/produto\\\/cevac-nd-ib-eds-k\\\/#primaryimage\"},\"thumbnailUrl\":\"https:\\\/\\\/vetanco.com\\\/uy\\\/wp-content\\\/uploads\\\/2024\\\/11\\\/Captura-de-pantalla-2025-01-24-115120.png\",\"datePublished\":\"2024-11-13T12:20:11+00:00\",\"dateModified\":\"2025-01-24T15:02:55+00:00\",\"description\":\"Para la vacunaci\u00f3n de pollitas de reemplazo, reproductoras y gallinas de postura previamente inmunizadas contra la Bronquitis Infecciosa.\",\"breadcrumb\":{\"@id\":\"https:\\\/\\\/vetanco.com\\\/uy\\\/produto\\\/cevac-nd-ib-eds-k\\\/#breadcrumb\"},\"inLanguage\":\"es\",\"potentialAction\":[{\"@type\":\"ReadAction\",\"target\":[\"https:\\\/\\\/vetanco.com\\\/uy\\\/produto\\\/cevac-nd-ib-eds-k\\\/\"]}]},{\"@type\":\"ImageObject\",\"inLanguage\":\"es\",\"@id\":\"https:\\\/\\\/vetanco.com\\\/uy\\\/produto\\\/cevac-nd-ib-eds-k\\\/#primaryimage\",\"url\":\"https:\\\/\\\/vetanco.com\\\/uy\\\/wp-content\\\/uploads\\\/2024\\\/11\\\/Captura-de-pantalla-2025-01-24-115120.png\",\"contentUrl\":\"https:\\\/\\\/vetanco.com\\\/uy\\\/wp-content\\\/uploads\\\/2024\\\/11\\\/Captura-de-pantalla-2025-01-24-115120.png\",\"width\":281,\"height\":330},{\"@type\":\"BreadcrumbList\",\"@id\":\"https:\\\/\\\/vetanco.com\\\/uy\\\/produto\\\/cevac-nd-ib-eds-k\\\/#breadcrumb\",\"itemListElement\":[{\"@type\":\"ListItem\",\"position\":1,\"name\":\"In\u00edcio\",\"item\":\"https:\\\/\\\/vetanco.com\\\/uy\\\/\"},{\"@type\":\"ListItem\",\"position\":2,\"name\":\"Productos\",\"item\":\"https:\\\/\\\/vetanco.com\\\/uy\\\/productos\\\/\"},{\"@type\":\"ListItem\",\"position\":3,\"name\":\"CEVAC\u00ae ND IB EDS K\"}]},{\"@type\":\"WebSite\",\"@id\":\"https:\\\/\\\/vetanco.com\\\/uy\\\/#website\",\"url\":\"https:\\\/\\\/vetanco.com\\\/uy\\\/\",\"name\":\"Vetanco Uruguay\",\"description\":\"Productos Seguros para Alimentos Seguros\",\"potentialAction\":[{\"@type\":\"SearchAction\",\"target\":{\"@type\":\"EntryPoint\",\"urlTemplate\":\"https:\\\/\\\/vetanco.com\\\/uy\\\/?s={search_term_string}\"},\"query-input\":{\"@type\":\"PropertyValueSpecification\",\"valueRequired\":true,\"valueName\":\"search_term_string\"}}],\"inLanguage\":\"es\"}]}<\/script>\n<!-- \/ Yoast SEO plugin. -->","yoast_head_json":{"title":"CEVAC\u00ae ND IB EDS K - Vetanco Uruguay","description":"Para la vacunaci\u00f3n de pollitas de reemplazo, reproductoras y gallinas de postura previamente inmunizadas contra la Bronquitis Infecciosa.","robots":{"index":"index","follow":"follow","max-snippet":"max-snippet:-1","max-image-preview":"max-image-preview:large","max-video-preview":"max-video-preview:-1"},"canonical":"https:\/\/vetanco.com\/uy\/produto\/cevac-nd-ib-eds-k\/","og_locale":"es_ES","og_type":"article","og_title":"CEVAC\u00ae ND IB EDS K - Vetanco Uruguay","og_description":"Para la vacunaci\u00f3n de pollitas de reemplazo, reproductoras y gallinas de postura previamente inmunizadas contra la Bronquitis Infecciosa.","og_url":"https:\/\/vetanco.com\/uy\/produto\/cevac-nd-ib-eds-k\/","og_site_name":"Vetanco Uruguay","article_modified_time":"2025-01-24T15:02:55+00:00","og_image":[{"width":281,"height":330,"url":"https:\/\/vetanco.com\/uy\/wp-content\/uploads\/2024\/11\/Captura-de-pantalla-2025-01-24-115120.png","type":"image\/png"}],"twitter_card":"summary_large_image","twitter_misc":{"Tiempo de lectura":"1 minuto"},"schema":{"@context":"https:\/\/schema.org","@graph":[{"@type":"WebPage","@id":"https:\/\/vetanco.com\/uy\/produto\/cevac-nd-ib-eds-k\/","url":"https:\/\/vetanco.com\/uy\/produto\/cevac-nd-ib-eds-k\/","name":"CEVAC\u00ae ND IB EDS K - Vetanco Uruguay","isPartOf":{"@id":"https:\/\/vetanco.com\/uy\/#website"},"primaryImageOfPage":{"@id":"https:\/\/vetanco.com\/uy\/produto\/cevac-nd-ib-eds-k\/#primaryimage"},"image":{"@id":"https:\/\/vetanco.com\/uy\/produto\/cevac-nd-ib-eds-k\/#primaryimage"},"thumbnailUrl":"https:\/\/vetanco.com\/uy\/wp-content\/uploads\/2024\/11\/Captura-de-pantalla-2025-01-24-115120.png","datePublished":"2024-11-13T12:20:11+00:00","dateModified":"2025-01-24T15:02:55+00:00","description":"Para la vacunaci\u00f3n de pollitas de reemplazo, reproductoras y gallinas de postura previamente inmunizadas contra la Bronquitis Infecciosa.","breadcrumb":{"@id":"https:\/\/vetanco.com\/uy\/produto\/cevac-nd-ib-eds-k\/#breadcrumb"},"inLanguage":"es","potentialAction":[{"@type":"ReadAction","target":["https:\/\/vetanco.com\/uy\/produto\/cevac-nd-ib-eds-k\/"]}]},{"@type":"ImageObject","inLanguage":"es","@id":"https:\/\/vetanco.com\/uy\/produto\/cevac-nd-ib-eds-k\/#primaryimage","url":"https:\/\/vetanco.com\/uy\/wp-content\/uploads\/2024\/11\/Captura-de-pantalla-2025-01-24-115120.png","contentUrl":"https:\/\/vetanco.com\/uy\/wp-content\/uploads\/2024\/11\/Captura-de-pantalla-2025-01-24-115120.png","width":281,"height":330},{"@type":"BreadcrumbList","@id":"https:\/\/vetanco.com\/uy\/produto\/cevac-nd-ib-eds-k\/#breadcrumb","itemListElement":[{"@type":"ListItem","position":1,"name":"In\u00edcio","item":"https:\/\/vetanco.com\/uy\/"},{"@type":"ListItem","position":2,"name":"Productos","item":"https:\/\/vetanco.com\/uy\/productos\/"},{"@type":"ListItem","position":3,"name":"CEVAC\u00ae ND IB EDS K"}]},{"@type":"WebSite","@id":"https:\/\/vetanco.com\/uy\/#website","url":"https:\/\/vetanco.com\/uy\/","name":"Vetanco Uruguay","description":"Productos Seguros para Alimentos Seguros","potentialAction":[{"@type":"SearchAction","target":{"@type":"EntryPoint","urlTemplate":"https:\/\/vetanco.com\/uy\/?s={search_term_string}"},"query-input":{"@type":"PropertyValueSpecification","valueRequired":true,"valueName":"search_term_string"}}],"inLanguage":"es"}]}},"_links":{"self":[{"href":"https:\/\/vetanco.com\/uy\/wp-json\/wp\/v2\/product\/4838","targetHints":{"allow":["GET"]}}],"collection":[{"href":"https:\/\/vetanco.com\/uy\/wp-json\/wp\/v2\/product"}],"about":[{"href":"https:\/\/vetanco.com\/uy\/wp-json\/wp\/v2\/types\/product"}],"replies":[{"embeddable":true,"href":"https:\/\/vetanco.com\/uy\/wp-json\/wp\/v2\/comments?post=4838"}],"wp:featuredmedia":[{"embeddable":true,"href":"https:\/\/vetanco.com\/uy\/wp-json\/wp\/v2\/media\/5842"}],"wp:attachment":[{"href":"https:\/\/vetanco.com\/uy\/wp-json\/wp\/v2\/media?parent=4838"}],"wp:term":[{"taxonomy":"product_brand","embeddable":true,"href":"https:\/\/vetanco.com\/uy\/wp-json\/wp\/v2\/product_brand?post=4838"},{"taxonomy":"product_cat","embeddable":true,"href":"https:\/\/vetanco.com\/uy\/wp-json\/wp\/v2\/product_cat?post=4838"},{"taxonomy":"product_tag","embeddable":true,"href":"https:\/\/vetanco.com\/uy\/wp-json\/wp\/v2\/product_tag?post=4838"}],"curies":[{"name":"wp","href":"https:\/\/api.w.org\/{rel}","templated":true}]}}