{"id":4840,"date":"2024-11-13T09:37:03","date_gmt":"2024-11-13T12:37:03","guid":{"rendered":"https:\/\/vetanco.tech\/uy\/?post_type=product&#038;p=4840"},"modified":"2025-12-10T20:11:09","modified_gmt":"2025-12-10T23:11:09","slug":"cevac-trasmune","status":"publish","type":"product","link":"https:\/\/vetanco.com\/uy\/produto\/cevac-trasmune\/","title":{"rendered":"CEVAC<sup>\u00ae<\/sup> TRASMUNE"},"content":{"rendered":"<p><span style=\"color: #00397f;\"><strong>COMPOSICI\u00d3N<\/strong><\/span><\/p>\n<p align=\"justify\"><strong>Cevac\u00ae Transmune<\/strong>\u00a0contiene la cepa vacunal Winterfield 2512 del virus de la Enfermedad de Gumboro en un complejo con inmunoglobulinas contra IBD (VPI: Inmunoglobulinas Protectivas del Virus) en forma liofilizada.<\/p>\n<p align=\"justify\">Los huevos embrionados y pollos empleados en la producci\u00f3n de esta vacuna se obtienen de aves libres de pat\u00f3genos espec\u00edficos (SPF).<\/p>\n<p>&nbsp;<\/p>\n<p><span style=\"color: #00397f;\"><strong>DOSIS<\/strong><\/span><\/p>\n<p>La vacuna puede ser administrada in-ovo o por v\u00eda subcut\u00e1nea. Inyecci\u00f3n in-ovo de huevos embrionados de pollos de engorde a los 18 d\u00edas de incubaci\u00f3n: se inoculan con una dosis completa (0.05 o 0.1 ml). Para la vacunaci\u00f3n de pollos de 1 d\u00eda de edad, la vacuna deber\u00e1 ser administrada v\u00eda subcut\u00e1nea en la parte posterior del cuello con una dosis de 0.2 ml.<\/p>\n<p>&nbsp;<\/p>\n<p><span style=\"color: #00397f;\"><strong>PRESENTACI\u00d3N<\/strong><\/span><\/p>\n<p>Viales de 8000 dosis.<\/p>\n","protected":false},"excerpt":{"rendered":"<p><img loading=\"lazy\" decoding=\"async\" class=\"alignnone size-full wp-image-4690\" src=\"https:\/\/vetanco.com\/uy\/wp-content\/uploads\/2024\/11\/Picto-Aves-2.png\" alt=\"\" width=\"75\" height=\"63\" \/><\/p>\n<p><strong>Vacuna viva de complejo inmune. <\/strong><\/p>\n<p>Utilizada para la inmunizaci\u00f3n activa de aves contra la Enfermedad de Gumboro. Se recomienda para la inmunizaci\u00f3n activa de embriones sanos de 18-19 d\u00edas de incubaci\u00f3n o pollos sanos de 1 d\u00eda de edad.<\/p>\n","protected":false},"featured_media":6319,"comment_status":"open","ping_status":"closed","template":"","meta":[],"product_brand":[],"product_cat":[179],"product_tag":[],"class_list":{"0":"post-4840","1":"product","2":"type-product","3":"status-publish","4":"has-post-thumbnail","6":"product_cat-biologicos","8":"first","9":"instock","10":"shipping-taxable","11":"product-type-simple"},"yoast_head":"<!-- This site is optimized with the Yoast SEO plugin v27.1.1 - https:\/\/yoast.com\/product\/yoast-seo-wordpress\/ -->\n<title>CEVAC\u00ae TRASMUNE - Vetanco Uruguay<\/title>\n<meta name=\"description\" content=\"Vacuna de la l\u00ednea Cevac que se recomienda especialmente para la inmunizaci\u00f3n activa de embriones sanos de 18-19 d\u00edas de incubaci\u00f3n.\" \/>\n<meta name=\"robots\" content=\"index, follow, max-snippet:-1, max-image-preview:large, max-video-preview:-1\" \/>\n<link rel=\"canonical\" href=\"https:\/\/vetanco.com\/uy\/produto\/cevac-trasmune\/\" \/>\n<meta property=\"og:locale\" content=\"es_ES\" \/>\n<meta property=\"og:type\" content=\"article\" \/>\n<meta property=\"og:title\" content=\"CEVAC\u00ae TRASMUNE - Vetanco Uruguay\" \/>\n<meta property=\"og:description\" content=\"Vacuna de la l\u00ednea Cevac que se recomienda especialmente para la inmunizaci\u00f3n activa de embriones sanos de 18-19 d\u00edas de incubaci\u00f3n.\" \/>\n<meta property=\"og:url\" content=\"https:\/\/vetanco.com\/uy\/produto\/cevac-trasmune\/\" \/>\n<meta property=\"og:site_name\" content=\"Vetanco Uruguay\" \/>\n<meta property=\"article:modified_time\" content=\"2025-12-10T23:11:09+00:00\" \/>\n<meta property=\"og:image\" content=\"https:\/\/vetanco.com\/uy\/wp-content\/uploads\/2024\/11\/CEVAC-TRANSMUNE.png\" \/>\n\t<meta property=\"og:image:width\" content=\"600\" \/>\n\t<meta property=\"og:image:height\" content=\"600\" \/>\n\t<meta property=\"og:image:type\" content=\"image\/png\" \/>\n<meta name=\"twitter:card\" content=\"summary_large_image\" \/>\n<meta name=\"twitter:label1\" content=\"Tiempo de lectura\" \/>\n\t<meta name=\"twitter:data1\" content=\"1 minuto\" \/>\n<script type=\"application\/ld+json\" class=\"yoast-schema-graph\">{\"@context\":\"https:\/\/schema.org\",\"@graph\":[{\"@type\":\"WebPage\",\"@id\":\"https:\/\/vetanco.com\/uy\/produto\/cevac-trasmune\/\",\"url\":\"https:\/\/vetanco.com\/uy\/produto\/cevac-trasmune\/\",\"name\":\"CEVAC\u00ae TRASMUNE - Vetanco Uruguay\",\"isPartOf\":{\"@id\":\"https:\/\/vetanco.com\/uy\/#website\"},\"primaryImageOfPage\":{\"@id\":\"https:\/\/vetanco.com\/uy\/produto\/cevac-trasmune\/#primaryimage\"},\"image\":{\"@id\":\"https:\/\/vetanco.com\/uy\/produto\/cevac-trasmune\/#primaryimage\"},\"thumbnailUrl\":\"https:\/\/vetanco.com\/uy\/wp-content\/uploads\/2024\/11\/CEVAC-TRANSMUNE.png\",\"datePublished\":\"2024-11-13T12:37:03+00:00\",\"dateModified\":\"2025-12-10T23:11:09+00:00\",\"description\":\"Vacuna de la l\u00ednea Cevac que se recomienda especialmente para la inmunizaci\u00f3n activa de embriones sanos de 18-19 d\u00edas de incubaci\u00f3n.\",\"breadcrumb\":{\"@id\":\"https:\/\/vetanco.com\/uy\/produto\/cevac-trasmune\/#breadcrumb\"},\"inLanguage\":\"es\",\"potentialAction\":[{\"@type\":\"ReadAction\",\"target\":[\"https:\/\/vetanco.com\/uy\/produto\/cevac-trasmune\/\"]}]},{\"@type\":\"ImageObject\",\"inLanguage\":\"es\",\"@id\":\"https:\/\/vetanco.com\/uy\/produto\/cevac-trasmune\/#primaryimage\",\"url\":\"https:\/\/vetanco.com\/uy\/wp-content\/uploads\/2024\/11\/CEVAC-TRANSMUNE.png\",\"contentUrl\":\"https:\/\/vetanco.com\/uy\/wp-content\/uploads\/2024\/11\/CEVAC-TRANSMUNE.png\",\"width\":600,\"height\":600},{\"@type\":\"BreadcrumbList\",\"@id\":\"https:\/\/vetanco.com\/uy\/produto\/cevac-trasmune\/#breadcrumb\",\"itemListElement\":[{\"@type\":\"ListItem\",\"position\":1,\"name\":\"In\u00edcio\",\"item\":\"https:\/\/vetanco.com\/uy\/\"},{\"@type\":\"ListItem\",\"position\":2,\"name\":\"Productos\",\"item\":\"https:\/\/vetanco.com\/uy\/productos\/\"},{\"@type\":\"ListItem\",\"position\":3,\"name\":\"CEVAC\u00ae TRASMUNE\"}]},{\"@type\":\"WebSite\",\"@id\":\"https:\/\/vetanco.com\/uy\/#website\",\"url\":\"https:\/\/vetanco.com\/uy\/\",\"name\":\"Vetanco Uruguay\",\"description\":\"Productos Seguros para Alimentos Seguros\",\"potentialAction\":[{\"@type\":\"SearchAction\",\"target\":{\"@type\":\"EntryPoint\",\"urlTemplate\":\"https:\/\/vetanco.com\/uy\/?s={search_term_string}\"},\"query-input\":{\"@type\":\"PropertyValueSpecification\",\"valueRequired\":true,\"valueName\":\"search_term_string\"}}],\"inLanguage\":\"es\"}]}<\/script>\n<!-- \/ Yoast SEO plugin. -->","yoast_head_json":{"title":"CEVAC\u00ae TRASMUNE - Vetanco Uruguay","description":"Vacuna de la l\u00ednea Cevac que se recomienda especialmente para la inmunizaci\u00f3n activa de embriones sanos de 18-19 d\u00edas de incubaci\u00f3n.","robots":{"index":"index","follow":"follow","max-snippet":"max-snippet:-1","max-image-preview":"max-image-preview:large","max-video-preview":"max-video-preview:-1"},"canonical":"https:\/\/vetanco.com\/uy\/produto\/cevac-trasmune\/","og_locale":"es_ES","og_type":"article","og_title":"CEVAC\u00ae TRASMUNE - Vetanco Uruguay","og_description":"Vacuna de la l\u00ednea Cevac que se recomienda especialmente para la inmunizaci\u00f3n activa de embriones sanos de 18-19 d\u00edas de incubaci\u00f3n.","og_url":"https:\/\/vetanco.com\/uy\/produto\/cevac-trasmune\/","og_site_name":"Vetanco Uruguay","article_modified_time":"2025-12-10T23:11:09+00:00","og_image":[{"width":600,"height":600,"url":"https:\/\/vetanco.com\/uy\/wp-content\/uploads\/2024\/11\/CEVAC-TRANSMUNE.png","type":"image\/png"}],"twitter_card":"summary_large_image","twitter_misc":{"Tiempo de lectura":"1 minuto"},"schema":{"@context":"https:\/\/schema.org","@graph":[{"@type":"WebPage","@id":"https:\/\/vetanco.com\/uy\/produto\/cevac-trasmune\/","url":"https:\/\/vetanco.com\/uy\/produto\/cevac-trasmune\/","name":"CEVAC\u00ae TRASMUNE - Vetanco Uruguay","isPartOf":{"@id":"https:\/\/vetanco.com\/uy\/#website"},"primaryImageOfPage":{"@id":"https:\/\/vetanco.com\/uy\/produto\/cevac-trasmune\/#primaryimage"},"image":{"@id":"https:\/\/vetanco.com\/uy\/produto\/cevac-trasmune\/#primaryimage"},"thumbnailUrl":"https:\/\/vetanco.com\/uy\/wp-content\/uploads\/2024\/11\/CEVAC-TRANSMUNE.png","datePublished":"2024-11-13T12:37:03+00:00","dateModified":"2025-12-10T23:11:09+00:00","description":"Vacuna de la l\u00ednea Cevac que se recomienda especialmente para la inmunizaci\u00f3n activa de embriones sanos de 18-19 d\u00edas de incubaci\u00f3n.","breadcrumb":{"@id":"https:\/\/vetanco.com\/uy\/produto\/cevac-trasmune\/#breadcrumb"},"inLanguage":"es","potentialAction":[{"@type":"ReadAction","target":["https:\/\/vetanco.com\/uy\/produto\/cevac-trasmune\/"]}]},{"@type":"ImageObject","inLanguage":"es","@id":"https:\/\/vetanco.com\/uy\/produto\/cevac-trasmune\/#primaryimage","url":"https:\/\/vetanco.com\/uy\/wp-content\/uploads\/2024\/11\/CEVAC-TRANSMUNE.png","contentUrl":"https:\/\/vetanco.com\/uy\/wp-content\/uploads\/2024\/11\/CEVAC-TRANSMUNE.png","width":600,"height":600},{"@type":"BreadcrumbList","@id":"https:\/\/vetanco.com\/uy\/produto\/cevac-trasmune\/#breadcrumb","itemListElement":[{"@type":"ListItem","position":1,"name":"In\u00edcio","item":"https:\/\/vetanco.com\/uy\/"},{"@type":"ListItem","position":2,"name":"Productos","item":"https:\/\/vetanco.com\/uy\/productos\/"},{"@type":"ListItem","position":3,"name":"CEVAC\u00ae TRASMUNE"}]},{"@type":"WebSite","@id":"https:\/\/vetanco.com\/uy\/#website","url":"https:\/\/vetanco.com\/uy\/","name":"Vetanco Uruguay","description":"Productos Seguros para Alimentos Seguros","potentialAction":[{"@type":"SearchAction","target":{"@type":"EntryPoint","urlTemplate":"https:\/\/vetanco.com\/uy\/?s={search_term_string}"},"query-input":{"@type":"PropertyValueSpecification","valueRequired":true,"valueName":"search_term_string"}}],"inLanguage":"es"}]}},"_links":{"self":[{"href":"https:\/\/vetanco.com\/uy\/wp-json\/wp\/v2\/product\/4840","targetHints":{"allow":["GET"]}}],"collection":[{"href":"https:\/\/vetanco.com\/uy\/wp-json\/wp\/v2\/product"}],"about":[{"href":"https:\/\/vetanco.com\/uy\/wp-json\/wp\/v2\/types\/product"}],"replies":[{"embeddable":true,"href":"https:\/\/vetanco.com\/uy\/wp-json\/wp\/v2\/comments?post=4840"}],"wp:featuredmedia":[{"embeddable":true,"href":"https:\/\/vetanco.com\/uy\/wp-json\/wp\/v2\/media\/6319"}],"wp:attachment":[{"href":"https:\/\/vetanco.com\/uy\/wp-json\/wp\/v2\/media?parent=4840"}],"wp:term":[{"taxonomy":"product_brand","embeddable":true,"href":"https:\/\/vetanco.com\/uy\/wp-json\/wp\/v2\/product_brand?post=4840"},{"taxonomy":"product_cat","embeddable":true,"href":"https:\/\/vetanco.com\/uy\/wp-json\/wp\/v2\/product_cat?post=4840"},{"taxonomy":"product_tag","embeddable":true,"href":"https:\/\/vetanco.com\/uy\/wp-json\/wp\/v2\/product_tag?post=4840"}],"curies":[{"name":"wp","href":"https:\/\/api.w.org\/{rel}","templated":true}]}}